{"id":1588,"date":"2022-06-13T09:53:51","date_gmt":"2022-06-13T07:53:51","guid":{"rendered":"https:\/\/pupilajecaballos.com\/?page_id=1588"},"modified":"2025-06-02T10:50:34","modified_gmt":"2025-06-02T08:50:34","slug":"avisos-legals","status":"publish","type":"page","link":"https:\/\/pupilajecaballos.com\/ca\/avisos-legals\/","title":{"rendered":"Pol\u00edtica de privacitat i avisos legals"},"content":{"rendered":"<p>[et_pb_section fb_built=&#8221;1&#8243; admin_label=&#8221;section&#8221; _builder_version=&#8221;4.16&#8243; global_colors_info=&#8221;{}&#8221;][et_pb_row admin_label=&#8221;row&#8221; _builder_version=&#8221;4.16&#8243; background_size=&#8221;initial&#8221; background_position=&#8221;top_left&#8221; background_repeat=&#8221;repeat&#8221; global_colors_info=&#8221;{}&#8221;][et_pb_column type=&#8221;4_4&#8243; _builder_version=&#8221;4.16&#8243; custom_padding=&#8221;|||&#8221; global_colors_info=&#8221;{}&#8221; custom_padding__hover=&#8221;|||&#8221;][et_pb_post_title meta=&#8221;off&#8221; featured_image=&#8221;off&#8221; _builder_version=&#8221;4.27.0&#8243; _module_preset=&#8221;default&#8221; title_font=&#8221;|700|||||||&#8221; title_text_align=&#8221;center&#8221; global_colors_info=&#8221;{}&#8221;][\/et_pb_post_title][et_pb_text _builder_version=&#8221;4.27.4&#8243; _module_preset=&#8221;default&#8221; global_colors_info=&#8221;{}&#8221;]<\/p>\n<p>&nbsp;<\/p>\n<p><strong>I. POL\u00cdTICA DE PRIVACITAT<\/strong><\/p>\n<p>En compliment del REGLAMENT (UE) 2016\/679 DEL PARLAMENT EUROPEU I DEL CONSELL de 27 d\u2019Abril de 2016, relatiu a la protecci\u00f3 de les persones f\u00edsiques pel que fa al tractament de dades personals i a la lliure circulaci\u00f3 d\u2019aquestes dades i a Llei Org\u00e0nica 3\/2018, de 5 de desembre, de Protecci\u00f3 de Dades Personals i garantia dels drets digitals, l\u2019informem que les dades personals proporcionades per vost\u00e8 a trav\u00e9s del lloc web <a href=\"https:\/\/pupilajecaballos.com\/ca\/\">www.pupilajecaballos.com<\/a>\u00a0(d\u2019ara endavant el lloc web), seran tractades en els seg\u00fcents termes:<\/p>\n<p><strong>Responsable del tractament<\/strong><\/p>\n<p>Les dades personals recollides a trav\u00e9s d\u2019aquest lloc web seran tractades per BOT\u00c0NIC JARDINERS, S.L., amb domicili per a l\u2019exercici de drets a S\/N, 08189 Sant Quirze de Safaja, Barcelona. E-mail: <a href=\"mailto:info@pupilajecaballos.com\">info@pupilajecaballos.com<\/a>.<\/p>\n<p><strong>Finalitats del tractament<\/strong><\/p>\n<ul>\n<li>Mantenir-lo informat sobre els nostres productes i serveis, quan aix\u00ed ens ho sol\u00b7liciti a trav\u00e9s dels formularis del lloc web o per correu electr\u00f2nic.<\/li>\n<li>Donar resposta i gestionar les seves consultes, comentaris i suggeriments, si s\u2019escau.<\/li>\n<li>Gestionar la seva participaci\u00f3 en presents i futurs processos de selecci\u00f3, en cas que ens faci arribar les seves dades (incl\u00f2s el seu curr\u00edculum) amb aquesta finalitat.<\/li>\n<li>Obtenir informaci\u00f3 sobre l\u2019\u00fas del lloc web, analitzant el nombre de p\u00e0gines visitades, el nombre de visites, aix\u00ed com l\u2019activitat dels visitants i la seva freq\u00fc\u00e8ncia d\u2019\u00fas. A aquest efecte, el RESPONSABLE utilitza informaci\u00f3 estad\u00edstica elaborada pel Prove\u00efdor de Serveis d\u2019Internet que no permet la identificaci\u00f3 de l\u2019interessat en cap moment.<\/li>\n<\/ul>\n<p><strong>Legitimaci\u00f3<\/strong><\/p>\n<p><span style=\"text-decoration: underline;\">Consentiment<\/span>. Les dades personals obtingudes a trav\u00e9s dels formularis del lloc web seran tractades \u00fanicament en base al consentiment atorgat per l\u2019interessat, a trav\u00e9s de l\u2019acceptaci\u00f3 de la casella disposada per a ta fi. Aquest consentiment pot ser retirat en qualsevol moment.<\/p>\n<p><span style=\"text-decoration: underline;\">Inter\u00e8s leg\u00edtim del responsable<\/span>. La informaci\u00f3 estad\u00edstica obtinguda del lloc web ser\u00e0 tractada sobre la base de l\u2019inter\u00e8s leg\u00edtim del responsable. Aquesta informaci\u00f3 no permet identificar a l\u2019usuari.<\/p>\n<p><strong>Destinataris<\/strong><\/p>\n<p>Les dades personals obtingudes a trav\u00e9s del lloc web no seran comunicades a tercers, excepte obligaci\u00f3 legal.<\/p>\n<p><strong>Conservaci\u00f3<\/strong><\/p>\n<p>Les dades personals facilitades per l\u2019usuari per rebre comunicacions comercials, seran conservades mentre l\u2019interessat no sol\u00b7liciti la seva supressi\u00f3 o retiri el seu consentiment.<\/p>\n<p>Quan l\u2019usuari envi\u00ef les seves dades personals per participar en processos de selecci\u00f3 del RESPONSABLE, les dades seran tractades per participar en els processos de selecci\u00f3 oberts en aquell moment., En cas que la seva candidatura no resulti seleccionada, es conservaran les seves dades durant un per\u00edode de dos anys amb la finalitat de poder comptar amb la seva participaci\u00f3 en futurs processos de selecci\u00f3.<\/p>\n<p>Quan l\u2019usuari envi\u00ef les seves dades per contactar amb el RESPONSABLE, realitzar consultes o suggeriments, les dades es conservaran mentre siguin necess\u00e0ries per a tal fi i puguin derivar-se responsabilitats del tractament realitzat.<\/p>\n<p>Les dades estad\u00edstiques derivades de l\u2019an\u00e0lisi del tr\u00e0nsit i visites al nostre lloc web seran conservades durant un termini de tres anys.<\/p>\n<p><strong>Drets<\/strong><\/p>\n<p>Pot exercir els drets d\u2019acc\u00e9s, rectificaci\u00f3, supressi\u00f3 i portabilitat de les seves dades, de limitaci\u00f3 i oposici\u00f3 al seu tractament, mitjan\u00e7ant escrit adre\u00e7at a S\/N, 08189 Sant Quirze de Safaja, Barcelona. E-mail: <a href=\"mailto:info@pupilajecaballos.com\">info@pupilajecaballos.com<\/a>. En cas de disconformitat amb el tractament, tamb\u00e9 t\u00e9 dret a presentar una reclamaci\u00f3 davant l\u2019Ag\u00e8ncia Espanyola de Protecci\u00f3 de Dades (<a href=\"https:\/\/www.aepd.es\">www.aepd.es<\/a>).<\/p>\n<p><strong>Pol\u00edtica de protecci\u00f3 de menors<\/strong><\/p>\n<p>Qui facilita les dades a trav\u00e9s dels formularis d\u2019aquesta Web i accepta el seu tractament declara formalment ser major de 14 anys.<\/p>\n<p>Queda prohibit l\u2019acc\u00e9s i l\u2019\u00fas del lloc web a menors de 14 anys d\u2019edat.<\/p>\n<p>El RESPONSABLE recorda a les persones majors d\u2019edat que tinguin al seu c\u00e0rrec a menors, que ser\u00e0 de la seva exclusiva responsabilitat si algun menor incorpora les seves dades per sol\u00b7licitar algun producte o servei.<\/p>\n<p>Tamb\u00e9 els informa que existeixen programes inform\u00e0tics per acotar la navegaci\u00f3 mitjan\u00e7ant el filtre o bloqueig a determinats continguts.<\/p>\n<p><strong>Tractament derivat de l\u2019\u00fas de les xarxes socials<\/strong><\/p>\n<p>En seguir el nostre perfil a les diferents xarxes socials que emprem l\u2019usuari ha donat el seu consentiment per al tractament de les seves dades personals conforme a la pol\u00edtica de privacitat de la corresponent xarxa social. Igualment, l\u2019usuari consent expressament l\u2019acc\u00e9s i tractament de les dades contingudes al seu perfil per part del RESPONSABLE i que les not\u00edcies publicades sobre els productes i serveis oferts pel RESPONSABLE apareguin al seu mur. La petici\u00f3 de l\u2019usuari per connectar amb el RESPONSABLE, implica necess\u00e0riament el seu consentiment per als tractaments assenyalats, \u00e9ssent aquesta la base legal del tractament. Les dades es conservaran mentre l\u2019interessat no sol\u00b7liciti la seva oposici\u00f3 o retiri el seu consentiment, podent-ho fer en qualsevol moment.<\/p>\n<p>Els comentaris i continguts publicats a les xarxes socials es convertiran en informaci\u00f3 p\u00fablica, per la qual cosa els usuaris hauran de tenir especial cautela quan decideixin compartir la seva informaci\u00f3 personal. El RESPONSABLE no es fa responsable de la informaci\u00f3 que els usuaris incorporin a les xarxes socials que gestiona. No obstant aix\u00f2, les persones, les dades de les quals es trobin publicades o incloses a comentaris, podran sol\u00b7licitar al RESPONSABLE la cancel\u00b7laci\u00f3 d\u2019aquestes.<\/p>\n<p><strong>II. AV\u00cdS LEGAL<\/strong><\/p>\n<p><strong>Identificaci\u00f3<\/strong><\/p>\n<p>En compliment amb el deure d\u2019informaci\u00f3 recollit en l\u00b4article 10 de la Llei 34\/2002, d\u201911 de juliol, de Serveis de la Societat de la Informaci\u00f3 i del Comer\u00e7 Electr\u00f2nic, BOT\u00c0NIC JARDINERS, S.L. (CLINICA VETERINARIA LA MOLA), l\u2019informa que les dades aqu\u00ed consignades corresponen a l\u2019entitat titular del lloc web <a href=\"mailto:info@pupilajecaballos.com\">info@pupilajecaballos.com.<\/a><\/p>\n<p><strong>Denominaci\u00f3:<\/strong> BOT\u00c0NIC JARDINERS, S.L.<br \/><strong>Domicili:<\/strong> S\/N, 08189 Sant Quirze de Safaja, Barcelona<br \/><strong>Tel\u00e8fon:<\/strong> 647 82 71 18<br \/><strong>Mail:<\/strong> <a href=\"mailto:info@pupilajecaballos.com\">info@pupilajecaballos.com<\/a><br \/><strong>CIF:<\/strong> B65315293<br \/><strong>Dades del Col\u00b7legi professional:<\/strong> professional colegiat al Col\u00b7legi Oficial de Veterinario de Barcelona, amb n\u00ba de col\u00b7legiat 1386<br \/>T\u00edtol acad\u00e8mic professional: Llicenciatura en Veterin\u00e0ria, t\u00edtol expedit a Espanya.<\/p>\n<p><strong>Propietat intel\u00b7lectual i industrial<\/strong><\/p>\n<p>Tots els drets de Propietat Industrial i Intel\u00b7lectual de la totalitat d\u2019elements continguts en aquest lloc web, inclosos els formats, dissenys gr\u00e0fics, texts, imatges i documents, pertanyen a SERRACARBASSA o a la persona f\u00edsica, jur\u00eddica, organisme o entitat que n\u2019ostenta la titularitat i estan protegits per les Lleis espanyoles i internacionals sobre propietat Intel\u00b7lectual i Industrial. Tanmateix totes les marques i noms comercials contingudes en aquest lloc web pertanyen a SERRACARBASSA, o a la persona f\u00edsica, jur\u00eddica, organisme o entitat que n\u2019ostenti la titularitat del signe distintiu i es troben igualment protegides per les lleis espanyoles i internacionals sobre propietat Intel\u00b7lectual i Industrial. Est\u00e0 expressament prohibida la reproducci\u00f3 total o parcial d\u2019aquest lloc Web i de qualsevol dels seus continguts sense comptar amb l\u2019autoritzaci\u00f3 expressa i per escrit de SERRACARBASSA o del titular de les mateixes.<\/p>\n<p>L\u2019acc\u00e9s al lloc web no implica cap mena de ren\u00fancia, transmissi\u00f3, llic\u00e8ncia o cessi\u00f3 d\u2019aquests drets per part de SERRACARBASSA o dels titulars que ostenten els drets de propietat intel\u00b7lectual o industrial, excepte que s\u2019estableixi el contrari de forma expressa.<\/p>\n<p><strong>Condicions d\u2019\u00fas<\/strong><\/p>\n<p>L\u2019acc\u00e9s a aquest lloc Web implica l\u2019acceptaci\u00f3 sense reserves d\u2019aquestes condicions d\u2019\u00fas que regulen el seu acc\u00e9s i utilitzaci\u00f3 amb la finalitat de posar a disposici\u00f3 dels usuaris informaci\u00f3 sobre els nostres productes i serveis.<\/p>\n<p>Est\u00e0 expressament prohibit l\u2019\u00fas dels continguts d\u2019aquest lloc Web per a finalitats comercials o per a la seva distribuci\u00f3, transformaci\u00f3 o comunicaci\u00f3.<\/p>\n<p>SERRACARBASSA, no respondr\u00e0 de les possibles conseq\u00fc\u00e8ncies, danys o perjudicis que se\u2019n puguin derivar d\u2019aquesta utilitzaci\u00f3 o \u00fas de la informaci\u00f3.<\/p>\n<p>Tant l\u2019acc\u00e9s a aquesta Web com l\u2019\u00fas que es pugui fer de la informaci\u00f3 continguda en la mateixa, \u00e9s de l\u2019exclusiva responsabilitat de qui el realitza.<\/p>\n<p>L\u2019usuari s\u2019obliga a no fer servir la informaci\u00f3 publicada a aquesta Web amb finalitats o efectes il\u00b7l\u00edcits o lesius, a no danyar o inutilitzar la informaci\u00f3 i a no realitzar qualsevol altra acci\u00f3 que pugui \u00e9sser contr\u00e0ria al contingut d\u2019aquest Av\u00eds Legal.<\/p>\n<p>SERRACARBASSA es reserva el dret a modificar el contingut de la oferta comercial dels seus productes i serveis quan ho consideri oport\u00fa i a mantenir el seu contingut actualitzat.<\/p>\n<p>SERRACARBASSA no pot assegurar la inexist\u00e8ncia d\u2019interrupcions o errades a l\u2019acc\u00e9s a aquest lloc Web, tot i que far\u00e0 tots els esfor\u00e7os possibles per tal d\u2019evitar-los.<\/p>\n<p><strong>Enlla\u00e7os a altres webs<\/strong><\/p>\n<p>Els enlla\u00e7os (links) que pugui trobar en aquest lloc Web s\u00f3n un servei als usuaris. Aquestes p\u00e0gines no s\u00f3n gestionades ni controlades per SERRACARBASSA, per aquest motiu, no es fa responsable dels continguts d\u2019aquests llocs Web ni aquests estan regulats pel present Av\u00eds Legal. Si accedeix a aquestes p\u00e0gines Web haur\u00e0 de tenir en compte que les seves pol\u00edtiques de privacitat poden ser diferents a la nostra.<\/p>\n<p><strong>Legislaci\u00f3 aplicable i compet\u00e8ncia jurisdiccional.<\/strong><\/p>\n<p>El present Av\u00eds Legal es regeix per la normativa espanyola vigent que li \u00e9s aplicable.<\/p>\n<p>Per a la resoluci\u00f3 de les controv\u00e8rsies que poguessin derivar-se com a conseq\u00fc\u00e8ncia del que es disposa en les presents disposicions i sobre la seva interpretaci\u00f3, aplicaci\u00f3 i compliment, l\u2019usuari, en virtut de l\u2019acceptaci\u00f3 de les condicions recollides en aquest Av\u00eds legal, renuncia expressament a qualsevol altre fur que pogu\u00e9s correspondre-li.<\/p>\n<p>En qualsevol cas, dins de la jurisdicci\u00f3 espanyola, si la legislaci\u00f3 permet\u00e9s sotmetre\u2019s a un fur en concret, l\u2019usuari renuncia expressament al fur que li pogu\u00e9s correspondre i se sotmet volunt\u00e0riament a la jurisdicci\u00f3 dels Jutjats i Tribunals de TERRASSA.<\/p>\n<p>[\/et_pb_text][\/et_pb_column][\/et_pb_row][\/et_pb_section]<\/p>\n","protected":false},"excerpt":{"rendered":"<p>&nbsp; I. POL\u00cdTICA DE PRIVACITAT En compliment del REGLAMENT (UE) 2016\/679 DEL PARLAMENT EUROPEU I DEL CONSELL de 27 d\u2019Abril de 2016, relatiu a la protecci\u00f3 de les persones f\u00edsiques pel que fa al tractament de dades personals i a la lliure circulaci\u00f3 d\u2019aquestes dades i a Llei Org\u00e0nica 3\/2018, de 5 de desembre, de [&hellip;]<\/p>\n","protected":false},"author":8,"featured_media":0,"parent":0,"menu_order":0,"comment_status":"closed","ping_status":"closed","template":"","meta":{"_et_pb_use_builder":"on","_et_pb_old_content":"","_et_gb_content_width":"","_joinchat":[],"footnotes":""},"class_list":["post-1588","page","type-page","status-publish","hentry"],"yoast_head":"<!-- This site is optimized with the Yoast SEO plugin v27.3 - https:\/\/yoast.com\/product\/yoast-seo-wordpress\/ -->\n<title>Pol\u00edtica de privacitat i avisos legals - Pupilaje de Caballos<\/title>\n<meta name=\"description\" content=\"Llegeix la nostra pol\u00edtica de privacitat i avisos legals per a m\u00e9s detalls sobre els teus drets i les nostres pr\u00e0ctiques de seguretat.\" \/>\n<meta name=\"robots\" content=\"index, follow, max-snippet:-1, max-image-preview:large, max-video-preview:-1\" \/>\n<link rel=\"canonical\" href=\"https:\/\/pupilajecaballos.com\/ca\/avisos-legals\/\" \/>\n<meta property=\"og:locale\" content=\"ca_ES\" \/>\n<meta property=\"og:type\" content=\"article\" \/>\n<meta property=\"og:title\" content=\"Pol\u00edtica de privacitat i avisos legals - Pupilaje de Caballos\" \/>\n<meta property=\"og:description\" content=\"Llegeix la nostra pol\u00edtica de privacitat i avisos legals per a m\u00e9s detalls sobre els teus drets i les nostres pr\u00e0ctiques de seguretat.\" \/>\n<meta property=\"og:url\" content=\"https:\/\/pupilajecaballos.com\/ca\/avisos-legals\/\" \/>\n<meta property=\"og:site_name\" content=\"Pupilaje de Caballos\" \/>\n<meta property=\"article:publisher\" content=\"https:\/\/www.facebook.com\/Serracarbassa-Horses-Resort-318910228544043\/\" \/>\n<meta property=\"article:modified_time\" content=\"2025-06-02T08:50:34+00:00\" \/>\n<meta property=\"og:image\" content=\"https:\/\/pupilajecaballos.com\/wp-content\/uploads\/2022\/02\/pupilaje-aerea1-scaled-e1727771325161.jpg\" \/>\n\t<meta property=\"og:image:width\" content=\"2880\" \/>\n\t<meta property=\"og:image:height\" content=\"2160\" \/>\n\t<meta property=\"og:image:type\" content=\"image\/jpeg\" \/>\n<meta name=\"twitter:card\" content=\"summary_large_image\" \/>\n<script type=\"application\/ld+json\" class=\"yoast-schema-graph\">{\"@context\":\"https:\\\/\\\/schema.org\",\"@graph\":[{\"@type\":\"WebPage\",\"@id\":\"https:\\\/\\\/pupilajecaballos.com\\\/ca\\\/avisos-legals\\\/\",\"url\":\"https:\\\/\\\/pupilajecaballos.com\\\/ca\\\/avisos-legals\\\/\",\"name\":\"Pol\u00edtica de privacitat i avisos legals - Pupilaje de Caballos\",\"isPartOf\":{\"@id\":\"https:\\\/\\\/pupilajecaballos.com\\\/en\\\/#website\"},\"datePublished\":\"2022-06-13T07:53:51+00:00\",\"dateModified\":\"2025-06-02T08:50:34+00:00\",\"description\":\"Llegeix la nostra pol\u00edtica de privacitat i avisos legals per a m\u00e9s detalls sobre els teus drets i les nostres pr\u00e0ctiques de seguretat.\",\"breadcrumb\":{\"@id\":\"https:\\\/\\\/pupilajecaballos.com\\\/ca\\\/avisos-legals\\\/#breadcrumb\"},\"inLanguage\":\"ca\",\"potentialAction\":[{\"@type\":\"ReadAction\",\"target\":[\"https:\\\/\\\/pupilajecaballos.com\\\/ca\\\/avisos-legals\\\/\"]}]},{\"@type\":\"BreadcrumbList\",\"@id\":\"https:\\\/\\\/pupilajecaballos.com\\\/ca\\\/avisos-legals\\\/#breadcrumb\",\"itemListElement\":[{\"@type\":\"ListItem\",\"position\":1,\"name\":\"Portada\",\"item\":\"https:\\\/\\\/pupilajecaballos.com\\\/ca\\\/\"},{\"@type\":\"ListItem\",\"position\":2,\"name\":\"Pol\u00edtica de privacitat i avisos legals\"}]},{\"@type\":\"WebSite\",\"@id\":\"https:\\\/\\\/pupilajecaballos.com\\\/en\\\/#website\",\"url\":\"https:\\\/\\\/pupilajecaballos.com\\\/en\\\/\",\"name\":\"Pupilaje de Caballos\",\"description\":\"Serracacarbassa Barcelona\",\"publisher\":{\"@id\":\"https:\\\/\\\/pupilajecaballos.com\\\/en\\\/#organization\"},\"potentialAction\":[{\"@type\":\"SearchAction\",\"target\":{\"@type\":\"EntryPoint\",\"urlTemplate\":\"https:\\\/\\\/pupilajecaballos.com\\\/en\\\/?s={search_term_string}\"},\"query-input\":{\"@type\":\"PropertyValueSpecification\",\"valueRequired\":true,\"valueName\":\"search_term_string\"}}],\"inLanguage\":\"ca\"},{\"@type\":\"Organization\",\"@id\":\"https:\\\/\\\/pupilajecaballos.com\\\/en\\\/#organization\",\"name\":\"Pupilaje de Caballos Serracarbassa\",\"alternateName\":\"Serra Carbassa Horses Resort\",\"url\":\"https:\\\/\\\/pupilajecaballos.com\\\/en\\\/\",\"logo\":{\"@type\":\"ImageObject\",\"inLanguage\":\"ca\",\"@id\":\"https:\\\/\\\/pupilajecaballos.com\\\/en\\\/#\\\/schema\\\/logo\\\/image\\\/\",\"url\":\"https:\\\/\\\/pupilajecaballos.com\\\/wp-content\\\/uploads\\\/2017\\\/01\\\/pin_maps3.png\",\"contentUrl\":\"https:\\\/\\\/pupilajecaballos.com\\\/wp-content\\\/uploads\\\/2017\\\/01\\\/pin_maps3.png\",\"width\":600,\"height\":707,\"caption\":\"Pupilaje de Caballos Serracarbassa\"},\"image\":{\"@id\":\"https:\\\/\\\/pupilajecaballos.com\\\/en\\\/#\\\/schema\\\/logo\\\/image\\\/\"},\"sameAs\":[\"https:\\\/\\\/www.facebook.com\\\/Serracarbassa-Horses-Resort-318910228544043\\\/\",\"https:\\\/\\\/www.instagram.com\\\/serracarbassa\"]}]}<\/script>\n<!-- \/ Yoast SEO plugin. -->","yoast_head_json":{"title":"Pol\u00edtica de privacitat i avisos legals - Pupilaje de Caballos","description":"Llegeix la nostra pol\u00edtica de privacitat i avisos legals per a m\u00e9s detalls sobre els teus drets i les nostres pr\u00e0ctiques de seguretat.","robots":{"index":"index","follow":"follow","max-snippet":"max-snippet:-1","max-image-preview":"max-image-preview:large","max-video-preview":"max-video-preview:-1"},"canonical":"https:\/\/pupilajecaballos.com\/ca\/avisos-legals\/","og_locale":"ca_ES","og_type":"article","og_title":"Pol\u00edtica de privacitat i avisos legals - Pupilaje de Caballos","og_description":"Llegeix la nostra pol\u00edtica de privacitat i avisos legals per a m\u00e9s detalls sobre els teus drets i les nostres pr\u00e0ctiques de seguretat.","og_url":"https:\/\/pupilajecaballos.com\/ca\/avisos-legals\/","og_site_name":"Pupilaje de Caballos","article_publisher":"https:\/\/www.facebook.com\/Serracarbassa-Horses-Resort-318910228544043\/","article_modified_time":"2025-06-02T08:50:34+00:00","og_image":[{"width":2880,"height":2160,"url":"https:\/\/pupilajecaballos.com\/wp-content\/uploads\/2022\/02\/pupilaje-aerea1-scaled-e1727771325161.jpg","type":"image\/jpeg"}],"twitter_card":"summary_large_image","schema":{"@context":"https:\/\/schema.org","@graph":[{"@type":"WebPage","@id":"https:\/\/pupilajecaballos.com\/ca\/avisos-legals\/","url":"https:\/\/pupilajecaballos.com\/ca\/avisos-legals\/","name":"Pol\u00edtica de privacitat i avisos legals - Pupilaje de Caballos","isPartOf":{"@id":"https:\/\/pupilajecaballos.com\/en\/#website"},"datePublished":"2022-06-13T07:53:51+00:00","dateModified":"2025-06-02T08:50:34+00:00","description":"Llegeix la nostra pol\u00edtica de privacitat i avisos legals per a m\u00e9s detalls sobre els teus drets i les nostres pr\u00e0ctiques de seguretat.","breadcrumb":{"@id":"https:\/\/pupilajecaballos.com\/ca\/avisos-legals\/#breadcrumb"},"inLanguage":"ca","potentialAction":[{"@type":"ReadAction","target":["https:\/\/pupilajecaballos.com\/ca\/avisos-legals\/"]}]},{"@type":"BreadcrumbList","@id":"https:\/\/pupilajecaballos.com\/ca\/avisos-legals\/#breadcrumb","itemListElement":[{"@type":"ListItem","position":1,"name":"Portada","item":"https:\/\/pupilajecaballos.com\/ca\/"},{"@type":"ListItem","position":2,"name":"Pol\u00edtica de privacitat i avisos legals"}]},{"@type":"WebSite","@id":"https:\/\/pupilajecaballos.com\/en\/#website","url":"https:\/\/pupilajecaballos.com\/en\/","name":"Pupilaje de Caballos","description":"Serracacarbassa Barcelona","publisher":{"@id":"https:\/\/pupilajecaballos.com\/en\/#organization"},"potentialAction":[{"@type":"SearchAction","target":{"@type":"EntryPoint","urlTemplate":"https:\/\/pupilajecaballos.com\/en\/?s={search_term_string}"},"query-input":{"@type":"PropertyValueSpecification","valueRequired":true,"valueName":"search_term_string"}}],"inLanguage":"ca"},{"@type":"Organization","@id":"https:\/\/pupilajecaballos.com\/en\/#organization","name":"Pupilaje de Caballos Serracarbassa","alternateName":"Serra Carbassa Horses Resort","url":"https:\/\/pupilajecaballos.com\/en\/","logo":{"@type":"ImageObject","inLanguage":"ca","@id":"https:\/\/pupilajecaballos.com\/en\/#\/schema\/logo\/image\/","url":"https:\/\/pupilajecaballos.com\/wp-content\/uploads\/2017\/01\/pin_maps3.png","contentUrl":"https:\/\/pupilajecaballos.com\/wp-content\/uploads\/2017\/01\/pin_maps3.png","width":600,"height":707,"caption":"Pupilaje de Caballos Serracarbassa"},"image":{"@id":"https:\/\/pupilajecaballos.com\/en\/#\/schema\/logo\/image\/"},"sameAs":["https:\/\/www.facebook.com\/Serracarbassa-Horses-Resort-318910228544043\/","https:\/\/www.instagram.com\/serracarbassa"]}]}},"_links":{"self":[{"href":"https:\/\/pupilajecaballos.com\/ca\/wp-json\/wp\/v2\/pages\/1588","targetHints":{"allow":["GET"]}}],"collection":[{"href":"https:\/\/pupilajecaballos.com\/ca\/wp-json\/wp\/v2\/pages"}],"about":[{"href":"https:\/\/pupilajecaballos.com\/ca\/wp-json\/wp\/v2\/types\/page"}],"author":[{"embeddable":true,"href":"https:\/\/pupilajecaballos.com\/ca\/wp-json\/wp\/v2\/users\/8"}],"replies":[{"embeddable":true,"href":"https:\/\/pupilajecaballos.com\/ca\/wp-json\/wp\/v2\/comments?post=1588"}],"version-history":[{"count":11,"href":"https:\/\/pupilajecaballos.com\/ca\/wp-json\/wp\/v2\/pages\/1588\/revisions"}],"predecessor-version":[{"id":2356,"href":"https:\/\/pupilajecaballos.com\/ca\/wp-json\/wp\/v2\/pages\/1588\/revisions\/2356"}],"wp:attachment":[{"href":"https:\/\/pupilajecaballos.com\/ca\/wp-json\/wp\/v2\/media?parent=1588"}],"curies":[{"name":"wp","href":"https:\/\/api.w.org\/{rel}","templated":true}]}}