{"id":798,"date":"2017-05-23T07:40:29","date_gmt":"2017-05-23T07:40:29","guid":{"rendered":"http:\/\/pupilajecaballos.com\/?page_id=798"},"modified":"2024-10-10T09:18:47","modified_gmt":"2024-10-10T07:18:47","slug":"que-fem","status":"publish","type":"page","link":"https:\/\/pupilajecaballos.com\/ca\/que-fem\/","title":{"rendered":"Qu\u00e8 fem"},"content":{"rendered":"<p>[et_pb_section fb_built=&#8221;1&#8243; _builder_version=&#8221;4.16&#8243; global_colors_info=&#8221;{}&#8221;][et_pb_row _builder_version=&#8221;4.16&#8243; background_size=&#8221;initial&#8221; background_position=&#8221;top_left&#8221; background_repeat=&#8221;repeat&#8221; global_colors_info=&#8221;{}&#8221;][et_pb_column type=&#8221;4_4&#8243; _builder_version=&#8221;4.16&#8243; custom_padding=&#8221;|||&#8221; global_colors_info=&#8221;{}&#8221; custom_padding__hover=&#8221;|||&#8221;][et_pb_post_title meta=&#8221;off&#8221; _builder_version=&#8221;4.16&#8243; title_font_size=&#8221;30px&#8221; parallax_effect=&#8221;off&#8221; use_border_color=&#8221;off&#8221; border_color=&#8221;#ffffff&#8221; border_style=&#8221;solid&#8221; global_colors_info=&#8221;{}&#8221;][\/et_pb_post_title][\/et_pb_column][\/et_pb_row][et_pb_row column_structure=&#8221;2_3,1_3&#8243; _builder_version=&#8221;4.16&#8243; background_size=&#8221;initial&#8221; background_position=&#8221;top_left&#8221; background_repeat=&#8221;repeat&#8221; global_colors_info=&#8221;{}&#8221;][et_pb_column type=&#8221;2_3&#8243; _builder_version=&#8221;4.16&#8243; custom_padding=&#8221;|||&#8221; global_colors_info=&#8221;{}&#8221; custom_padding__hover=&#8221;|||&#8221;][et_pb_text _builder_version=&#8221;4.16&#8243; background_size=&#8221;initial&#8221; background_position=&#8221;top_left&#8221; background_repeat=&#8221;repeat&#8221; border_style=&#8221;solid&#8221; global_colors_info=&#8221;{}&#8221;]Vam decidir fundar Serracarbassa Horses Resort per donar soluci\u00f3 a una problem\u00e0tica que pateixen molts propietaris de cavalls quan aquests s\u00f3n m\u00e9s grans, o b\u00e9 s\u2019han deixat de muntar, o cavalls de competici\u00f3 (salt, raid, doma etc.) que necessiten unes merescudes vacances despr\u00e9s d\u2019una dura temporada. La paraula Resort va ser escollida a consci\u00e8ncia ja que la nostra intenci\u00f3 \u00e9s donar la millor vida possible als nostres cavalls i alliberar-los de qualsevol estr\u00e8s. A la finca Serracarbassa disposem de zones boscoses i de camps adequats per a pastures, procurant una alimentaci\u00f3 totalment natural, supervisada per un veterinari nutricionista. <\/p>\n<p>En la finca Serracarbassa disposem de zones boscoses i de camps adequats per a pastures, procurant una alimentaci\u00f3 totalment natural, supervisada per un veterinari nutricionista.<br \/>\n[\/et_pb_text][et_pb_text _builder_version=&#8221;4.16&#8243; background_size=&#8221;initial&#8221; background_position=&#8221;top_left&#8221; background_repeat=&#8221;repeat&#8221; border_style=&#8221;solid&#8221; global_colors_info=&#8221;{}&#8221;]A l\u2019arribada d\u2019un cavall nou es procedir\u00e0 a adaptar-lo a la nova situaci\u00f3 en un paddock d\u2019acollida amb quadra, durant quinze dies aproximadament. Aix\u00f2 ens facilitar\u00e0 con\u00e8ixer el car\u00e0cter de l\u2019animal i aconseguir la seva \u00f2ptima integraci\u00f3 al seu nou entorn. Passada aquesta primera fase, s\u2019unir\u00e0 al grup que m\u00e9s li convingui (Cavalls retirats, cavalls de competici\u00f3) en el paddok definitiu. Aquests grups mai seran superiors a 10 cavalls, i ocupen una zona permanent de 5-10 has. Els paddocks estan prove\u00efts d\u2019aigua de pou i menjar permanent. Aquests paddocks es supervisen di\u00e0riament i com que compten amb zones boscoses els cavalls es senten protegits. La nostra intenci\u00f3 \u00e9s buscar la m\u00e0xima similitud a un estat de vida nautral, on visqui relaxat, coneixent la seva zona perfectament, evitant riscos de canvis innecesaris<br \/>\n[\/et_pb_text][et_pb_image src=&#8221;https:\/\/pupilajecaballos.com\/wp-content\/uploads\/2017\/05\/161.jpg&#8221; align=&#8221;center&#8221; align_tablet=&#8221;center&#8221; align_phone=&#8221;center&#8221; align_last_edited=&#8221;on|desktop&#8221; _builder_version=&#8221;4.27.0&#8243; animation_style=&#8221;fade&#8221; animation_duration=&#8221;500ms&#8221; hover_enabled=&#8221;0&#8243; use_border_color=&#8221;off&#8221; border_color=&#8221;#ffffff&#8221; border_style=&#8221;solid&#8221; animation=&#8221;fade_in&#8221; sticky=&#8221;off&#8221; always_center_on_mobile=&#8221;on&#8221; global_colors_info=&#8221;{}&#8221; alt=&#8221;Campos verdes Serracarbassa&#8221; sticky_enabled=&#8221;0&#8243;][\/et_pb_image][\/et_pb_column][et_pb_column type=&#8221;1_3&#8243; _builder_version=&#8221;4.16&#8243; custom_padding=&#8221;|||&#8221; global_colors_info=&#8221;{}&#8221; custom_padding__hover=&#8221;|||&#8221;][et_pb_image src=&#8221;https:\/\/pupilajecaballos.com\/wp-content\/uploads\/2017\/05\/009.jpg&#8221; align=&#8221;center&#8221; align_tablet=&#8221;center&#8221; align_phone=&#8221;center&#8221; align_last_edited=&#8221;on|desktop&#8221; _builder_version=&#8221;4.27.0&#8243; custom_margin=&#8221;||50px|&#8221; animation_style=&#8221;fade&#8221; animation_duration=&#8221;500ms&#8221; hover_enabled=&#8221;0&#8243; use_border_color=&#8221;off&#8221; border_color=&#8221;#ffffff&#8221; border_style=&#8221;solid&#8221; animation=&#8221;fade_in&#8221; sticky=&#8221;off&#8221; always_center_on_mobile=&#8221;on&#8221; global_colors_info=&#8221;{}&#8221; alt=&#8221;Caballo paseando con Blanca&#8221; sticky_enabled=&#8221;0&#8243;][\/et_pb_image][et_pb_image src=&#8221;https:\/\/pupilajecaballos.com\/wp-content\/uploads\/2017\/05\/206.jpg&#8221; align=&#8221;center&#8221; align_tablet=&#8221;center&#8221; align_phone=&#8221;center&#8221; align_last_edited=&#8221;on|desktop&#8221; _builder_version=&#8221;4.27.0&#8243; custom_margin=&#8221;||50px|&#8221; animation_style=&#8221;fade&#8221; animation_duration=&#8221;500ms&#8221; hover_enabled=&#8221;0&#8243; use_border_color=&#8221;off&#8221; border_color=&#8221;#ffffff&#8221; border_style=&#8221;solid&#8221; animation=&#8221;fade_in&#8221; sticky=&#8221;off&#8221; always_center_on_mobile=&#8221;on&#8221; global_colors_info=&#8221;{}&#8221; alt=&#8221;Vista de los establos&#8221; sticky_enabled=&#8221;0&#8243;][\/et_pb_image][et_pb_image src=&#8221;https:\/\/pupilajecaballos.com\/wp-content\/uploads\/2017\/05\/113.jpg&#8221; align=&#8221;center&#8221; align_tablet=&#8221;center&#8221; align_phone=&#8221;center&#8221; align_last_edited=&#8221;on|desktop&#8221; _builder_version=&#8221;4.27.0&#8243; custom_margin=&#8221;||50px|&#8221; animation_style=&#8221;fade&#8221; animation_duration=&#8221;500ms&#8221; hover_enabled=&#8221;0&#8243; use_border_color=&#8221;off&#8221; border_color=&#8221;#ffffff&#8221; border_style=&#8221;solid&#8221; animation=&#8221;fade_in&#8221; sticky=&#8221;off&#8221; always_center_on_mobile=&#8221;on&#8221; global_colors_info=&#8221;{}&#8221; alt=&#8221;Blanca con un caballo en el prado&#8221; sticky_enabled=&#8221;0&#8243;][\/et_pb_image][\/et_pb_column][\/et_pb_row][\/et_pb_section]<\/p>\n","protected":false},"excerpt":{"rendered":"<p>Vam decidir fundar Serracarbassa Horses Resort per donar soluci\u00f3 a una problem\u00e0tica que pateixen molts propietaris de cavalls quan aquests s\u00f3n m\u00e9s grans, o b\u00e9 s\u2019han deixat de muntar, o cavalls de competici\u00f3 (salt, raid, doma etc.) que necessiten unes merescudes vacances despr\u00e9s d\u2019una dura temporada. La paraula Resort va ser escollida a consci\u00e8ncia ja [&hellip;]<\/p>\n","protected":false},"author":10,"featured_media":0,"parent":0,"menu_order":0,"comment_status":"closed","ping_status":"closed","template":"","meta":{"_et_pb_use_builder":"on","_et_pb_old_content":"","_et_gb_content_width":"","_joinchat":[],"footnotes":""},"class_list":["post-798","page","type-page","status-publish","hentry"],"yoast_head":"<!-- This site is optimized with the Yoast SEO plugin v27.4 - https:\/\/yoast.com\/product\/yoast-seo-wordpress\/ -->\n<title>Qu\u00e8 fem - Pupilaje de Caballos<\/title>\n<meta name=\"description\" content=\"A Serracarbassa Horses Resort oferim un refugi per a cavalls grans, retirats o de competici\u00f3 que necessiten descans.\" \/>\n<meta name=\"robots\" content=\"index, follow, max-snippet:-1, max-image-preview:large, max-video-preview:-1\" \/>\n<link rel=\"canonical\" href=\"https:\/\/pupilajecaballos.com\/ca\/que-fem\/\" \/>\n<meta property=\"og:locale\" content=\"ca_ES\" \/>\n<meta property=\"og:type\" content=\"article\" \/>\n<meta property=\"og:title\" content=\"Qu\u00e8 fem - Pupilaje de Caballos\" \/>\n<meta property=\"og:description\" content=\"A Serracarbassa Horses Resort oferim un refugi per a cavalls grans, retirats o de competici\u00f3 que necessiten descans.\" \/>\n<meta property=\"og:url\" content=\"https:\/\/pupilajecaballos.com\/ca\/que-fem\/\" \/>\n<meta property=\"og:site_name\" content=\"Pupilaje de Caballos\" \/>\n<meta property=\"article:publisher\" content=\"https:\/\/www.facebook.com\/Serracarbassa-Horses-Resort-318910228544043\/\" \/>\n<meta property=\"article:modified_time\" content=\"2024-10-10T07:18:47+00:00\" \/>\n<meta property=\"og:image\" content=\"https:\/\/pupilajecaballos.com\/wp-content\/uploads\/2022\/02\/pupilaje-aerea1-scaled-e1727771325161.jpg\" \/>\n\t<meta property=\"og:image:width\" content=\"2880\" \/>\n\t<meta property=\"og:image:height\" content=\"2160\" \/>\n\t<meta property=\"og:image:type\" content=\"image\/jpeg\" \/>\n<meta name=\"twitter:card\" content=\"summary_large_image\" \/>\n<script type=\"application\/ld+json\" class=\"yoast-schema-graph\">{\"@context\":\"https:\\\/\\\/schema.org\",\"@graph\":[{\"@type\":\"WebPage\",\"@id\":\"https:\\\/\\\/pupilajecaballos.com\\\/ca\\\/que-fem\\\/\",\"url\":\"https:\\\/\\\/pupilajecaballos.com\\\/ca\\\/que-fem\\\/\",\"name\":\"Qu\u00e8 fem - Pupilaje de Caballos\",\"isPartOf\":{\"@id\":\"https:\\\/\\\/pupilajecaballos.com\\\/en\\\/#website\"},\"datePublished\":\"2017-05-23T07:40:29+00:00\",\"dateModified\":\"2024-10-10T07:18:47+00:00\",\"description\":\"A Serracarbassa Horses Resort oferim un refugi per a cavalls grans, retirats o de competici\u00f3 que necessiten descans.\",\"breadcrumb\":{\"@id\":\"https:\\\/\\\/pupilajecaballos.com\\\/ca\\\/que-fem\\\/#breadcrumb\"},\"inLanguage\":\"ca\",\"potentialAction\":[{\"@type\":\"ReadAction\",\"target\":[\"https:\\\/\\\/pupilajecaballos.com\\\/ca\\\/que-fem\\\/\"]}]},{\"@type\":\"BreadcrumbList\",\"@id\":\"https:\\\/\\\/pupilajecaballos.com\\\/ca\\\/que-fem\\\/#breadcrumb\",\"itemListElement\":[{\"@type\":\"ListItem\",\"position\":1,\"name\":\"Portada\",\"item\":\"https:\\\/\\\/pupilajecaballos.com\\\/ca\\\/\"},{\"@type\":\"ListItem\",\"position\":2,\"name\":\"Qu\u00e8 fem\"}]},{\"@type\":\"WebSite\",\"@id\":\"https:\\\/\\\/pupilajecaballos.com\\\/en\\\/#website\",\"url\":\"https:\\\/\\\/pupilajecaballos.com\\\/en\\\/\",\"name\":\"Pupilaje de Caballos\",\"description\":\"Serracacarbassa Barcelona\",\"publisher\":{\"@id\":\"https:\\\/\\\/pupilajecaballos.com\\\/en\\\/#organization\"},\"potentialAction\":[{\"@type\":\"SearchAction\",\"target\":{\"@type\":\"EntryPoint\",\"urlTemplate\":\"https:\\\/\\\/pupilajecaballos.com\\\/en\\\/?s={search_term_string}\"},\"query-input\":{\"@type\":\"PropertyValueSpecification\",\"valueRequired\":true,\"valueName\":\"search_term_string\"}}],\"inLanguage\":\"ca\"},{\"@type\":\"Organization\",\"@id\":\"https:\\\/\\\/pupilajecaballos.com\\\/en\\\/#organization\",\"name\":\"Pupilaje de Caballos Serracarbassa\",\"alternateName\":\"Serra Carbassa Horses Resort\",\"url\":\"https:\\\/\\\/pupilajecaballos.com\\\/en\\\/\",\"logo\":{\"@type\":\"ImageObject\",\"inLanguage\":\"ca\",\"@id\":\"https:\\\/\\\/pupilajecaballos.com\\\/en\\\/#\\\/schema\\\/logo\\\/image\\\/\",\"url\":\"https:\\\/\\\/pupilajecaballos.com\\\/wp-content\\\/uploads\\\/2017\\\/01\\\/pin_maps3.png\",\"contentUrl\":\"https:\\\/\\\/pupilajecaballos.com\\\/wp-content\\\/uploads\\\/2017\\\/01\\\/pin_maps3.png\",\"width\":600,\"height\":707,\"caption\":\"Pupilaje de Caballos Serracarbassa\"},\"image\":{\"@id\":\"https:\\\/\\\/pupilajecaballos.com\\\/en\\\/#\\\/schema\\\/logo\\\/image\\\/\"},\"sameAs\":[\"https:\\\/\\\/www.facebook.com\\\/Serracarbassa-Horses-Resort-318910228544043\\\/\",\"https:\\\/\\\/www.instagram.com\\\/serracarbassa\"]}]}<\/script>\n<!-- \/ Yoast SEO plugin. -->","yoast_head_json":{"title":"Qu\u00e8 fem - Pupilaje de Caballos","description":"A Serracarbassa Horses Resort oferim un refugi per a cavalls grans, retirats o de competici\u00f3 que necessiten descans.","robots":{"index":"index","follow":"follow","max-snippet":"max-snippet:-1","max-image-preview":"max-image-preview:large","max-video-preview":"max-video-preview:-1"},"canonical":"https:\/\/pupilajecaballos.com\/ca\/que-fem\/","og_locale":"ca_ES","og_type":"article","og_title":"Qu\u00e8 fem - Pupilaje de Caballos","og_description":"A Serracarbassa Horses Resort oferim un refugi per a cavalls grans, retirats o de competici\u00f3 que necessiten descans.","og_url":"https:\/\/pupilajecaballos.com\/ca\/que-fem\/","og_site_name":"Pupilaje de Caballos","article_publisher":"https:\/\/www.facebook.com\/Serracarbassa-Horses-Resort-318910228544043\/","article_modified_time":"2024-10-10T07:18:47+00:00","og_image":[{"width":2880,"height":2160,"url":"https:\/\/pupilajecaballos.com\/wp-content\/uploads\/2022\/02\/pupilaje-aerea1-scaled-e1727771325161.jpg","type":"image\/jpeg"}],"twitter_card":"summary_large_image","schema":{"@context":"https:\/\/schema.org","@graph":[{"@type":"WebPage","@id":"https:\/\/pupilajecaballos.com\/ca\/que-fem\/","url":"https:\/\/pupilajecaballos.com\/ca\/que-fem\/","name":"Qu\u00e8 fem - Pupilaje de Caballos","isPartOf":{"@id":"https:\/\/pupilajecaballos.com\/en\/#website"},"datePublished":"2017-05-23T07:40:29+00:00","dateModified":"2024-10-10T07:18:47+00:00","description":"A Serracarbassa Horses Resort oferim un refugi per a cavalls grans, retirats o de competici\u00f3 que necessiten descans.","breadcrumb":{"@id":"https:\/\/pupilajecaballos.com\/ca\/que-fem\/#breadcrumb"},"inLanguage":"ca","potentialAction":[{"@type":"ReadAction","target":["https:\/\/pupilajecaballos.com\/ca\/que-fem\/"]}]},{"@type":"BreadcrumbList","@id":"https:\/\/pupilajecaballos.com\/ca\/que-fem\/#breadcrumb","itemListElement":[{"@type":"ListItem","position":1,"name":"Portada","item":"https:\/\/pupilajecaballos.com\/ca\/"},{"@type":"ListItem","position":2,"name":"Qu\u00e8 fem"}]},{"@type":"WebSite","@id":"https:\/\/pupilajecaballos.com\/en\/#website","url":"https:\/\/pupilajecaballos.com\/en\/","name":"Pupilaje de Caballos","description":"Serracacarbassa Barcelona","publisher":{"@id":"https:\/\/pupilajecaballos.com\/en\/#organization"},"potentialAction":[{"@type":"SearchAction","target":{"@type":"EntryPoint","urlTemplate":"https:\/\/pupilajecaballos.com\/en\/?s={search_term_string}"},"query-input":{"@type":"PropertyValueSpecification","valueRequired":true,"valueName":"search_term_string"}}],"inLanguage":"ca"},{"@type":"Organization","@id":"https:\/\/pupilajecaballos.com\/en\/#organization","name":"Pupilaje de Caballos Serracarbassa","alternateName":"Serra Carbassa Horses Resort","url":"https:\/\/pupilajecaballos.com\/en\/","logo":{"@type":"ImageObject","inLanguage":"ca","@id":"https:\/\/pupilajecaballos.com\/en\/#\/schema\/logo\/image\/","url":"https:\/\/pupilajecaballos.com\/wp-content\/uploads\/2017\/01\/pin_maps3.png","contentUrl":"https:\/\/pupilajecaballos.com\/wp-content\/uploads\/2017\/01\/pin_maps3.png","width":600,"height":707,"caption":"Pupilaje de Caballos Serracarbassa"},"image":{"@id":"https:\/\/pupilajecaballos.com\/en\/#\/schema\/logo\/image\/"},"sameAs":["https:\/\/www.facebook.com\/Serracarbassa-Horses-Resort-318910228544043\/","https:\/\/www.instagram.com\/serracarbassa"]}]}},"_links":{"self":[{"href":"https:\/\/pupilajecaballos.com\/ca\/wp-json\/wp\/v2\/pages\/798","targetHints":{"allow":["GET"]}}],"collection":[{"href":"https:\/\/pupilajecaballos.com\/ca\/wp-json\/wp\/v2\/pages"}],"about":[{"href":"https:\/\/pupilajecaballos.com\/ca\/wp-json\/wp\/v2\/types\/page"}],"author":[{"embeddable":true,"href":"https:\/\/pupilajecaballos.com\/ca\/wp-json\/wp\/v2\/users\/10"}],"replies":[{"embeddable":true,"href":"https:\/\/pupilajecaballos.com\/ca\/wp-json\/wp\/v2\/comments?post=798"}],"version-history":[{"count":2,"href":"https:\/\/pupilajecaballos.com\/ca\/wp-json\/wp\/v2\/pages\/798\/revisions"}],"predecessor-version":[{"id":1926,"href":"https:\/\/pupilajecaballos.com\/ca\/wp-json\/wp\/v2\/pages\/798\/revisions\/1926"}],"wp:attachment":[{"href":"https:\/\/pupilajecaballos.com\/ca\/wp-json\/wp\/v2\/media?parent=798"}],"curies":[{"name":"wp","href":"https:\/\/api.w.org\/{rel}","templated":true}]}}