{"id":804,"date":"2017-05-23T07:48:52","date_gmt":"2017-05-23T07:48:52","guid":{"rendered":"http:\/\/pupilajecaballos.com\/?page_id=804"},"modified":"2024-10-10T09:19:18","modified_gmt":"2024-10-10T07:19:18","slug":"qui-som","status":"publish","type":"page","link":"https:\/\/pupilajecaballos.com\/ca\/qui-som\/","title":{"rendered":"Qui som"},"content":{"rendered":"<p>[et_pb_section fb_built=&#8221;1&#8243; admin_label=&#8221;section&#8221; _builder_version=&#8221;4.16&#8243; global_colors_info=&#8221;{}&#8221;][et_pb_row admin_label=&#8221;Fila&#8221; _builder_version=&#8221;4.16&#8243; background_size=&#8221;initial&#8221; background_position=&#8221;top_left&#8221; background_repeat=&#8221;repeat&#8221; global_colors_info=&#8221;{}&#8221;][et_pb_column type=&#8221;4_4&#8243; _builder_version=&#8221;4.16&#8243; custom_padding=&#8221;|||&#8221; global_colors_info=&#8221;{}&#8221; custom_padding__hover=&#8221;|||&#8221;][et_pb_post_title meta=&#8221;off&#8221; admin_label=&#8221;T\u00edtulo de publicaci\u00f3n&#8221; _builder_version=&#8221;4.16&#8243; title_font_size=&#8221;30px&#8221; parallax=&#8221;on&#8221; parallax_method=&#8221;off&#8221; parallax_effect=&#8221;on&#8221; use_border_color=&#8221;off&#8221; border_color=&#8221;#ffffff&#8221; border_style=&#8221;solid&#8221; global_colors_info=&#8221;{}&#8221;][\/et_pb_post_title][\/et_pb_column][\/et_pb_row][et_pb_row column_structure=&#8221;1_4,3_4&#8243; admin_label=&#8221;row&#8221; _builder_version=&#8221;4.16&#8243; background_size=&#8221;initial&#8221; background_position=&#8221;top_left&#8221; background_repeat=&#8221;repeat&#8221; global_colors_info=&#8221;{}&#8221;][et_pb_column type=&#8221;1_4&#8243; _builder_version=&#8221;4.16&#8243; custom_padding=&#8221;|||&#8221; global_colors_info=&#8221;{}&#8221; custom_padding__hover=&#8221;|||&#8221;][et_pb_image src=&#8221;https:\/\/pupilajecaballos.com\/wp-content\/uploads\/2017\/01\/Blanca.jpg&#8221; alt=&#8221;Blanca Roger&#8221; align_tablet=&#8221;center&#8221; align_phone=&#8221;center&#8221; align_last_edited=&#8221;on|desktop&#8221; admin_label=&#8221;Imagen&#8221; _builder_version=&#8221;4.27.0&#8243; animation_style=&#8221;slide&#8221; animation_direction=&#8221;left&#8221; animation_duration=&#8221;500ms&#8221; animation_intensity_slide=&#8221;10%&#8221; hover_enabled=&#8221;0&#8243; use_border_color=&#8221;off&#8221; border_color=&#8221;#a5c281&#8243; border_width=&#8221;3px&#8221; border_style=&#8221;solid&#8221; animation=&#8221;left&#8221; sticky=&#8221;off&#8221; always_center_on_mobile=&#8221;on&#8221; global_colors_info=&#8221;{}&#8221; sticky_enabled=&#8221;0&#8243;][\/et_pb_image][et_pb_text admin_label=&#8221;Texto&#8221; _builder_version=&#8221;4.16&#8243; background_size=&#8221;initial&#8221; background_position=&#8221;top_left&#8221; background_repeat=&#8221;repeat&#8221; use_border_color=&#8221;off&#8221; border_color=&#8221;#ffffff&#8221; border_style=&#8221;solid&#8221; global_colors_info=&#8221;{}&#8221;]<\/p>\n<h3>Blanca Roger<\/h3>\n<p>[\/et_pb_text][\/et_pb_column][et_pb_column type=&#8221;3_4&#8243; _builder_version=&#8221;4.16&#8243; custom_padding=&#8221;|||&#8221; global_colors_info=&#8221;{}&#8221; custom_padding__hover=&#8221;|||&#8221;][et_pb_text admin_label=&#8221;Texto&#8221; _builder_version=&#8221;4.16&#8243; background_size=&#8221;initial&#8221; background_position=&#8221;top_left&#8221; background_repeat=&#8221;repeat&#8221; use_border_color=&#8221;off&#8221; border_color=&#8221;#ffffff&#8221; border_style=&#8221;solid&#8221; global_colors_info=&#8221;{}&#8221;]Hola, s\u00f3c Blanca Roger, veterin\u00e0ria, especialitzada en petits animals (gossos i gats) per\u00f2 des de petita he conviscut\u00a0amb cavalls. Vivim en una masia en finca de 130 Ha, amb\u00a0boscos i\u00a0camps a 45 min. de Barcelona, en la comarca del Moian\u00e9s, en un entorn privilegiat. Des de fa\u00a0un temps vaig decidir que la meva vida havia\u00a0de\u00a0fer un canvi, estar m\u00e9s en contacte amb la Natura i amb\u00a0la meva gran passi\u00f3: ELS\u00a0CAVALLS.<\/p>\n<p>&nbsp;<br \/>\n[\/et_pb_text][et_pb_text admin_label=&#8221;Texto&#8221; _builder_version=&#8221;4.16&#8243; background_size=&#8221;initial&#8221; background_position=&#8221;top_left&#8221; background_repeat=&#8221;repeat&#8221; use_border_color=&#8221;off&#8221; border_color=&#8221;#ffffff&#8221; border_style=&#8221;solid&#8221; global_colors_info=&#8221;{}&#8221;]<\/p>\n<ul>\n<li>Fundadora Cl\u00ednica veterin\u00e0ria La Mola.<\/li>\n<li>Membre d\u2019AVEPA i ACVAC.<\/li>\n<li>Veterin\u00e0ria Col. B 1386.<\/li>\n<li>AO de traumatologia, medicina interna, dermatologia i cirurgia.<\/li>\n<li>Postgrau de diagn\u00f2stic per imatge d\u2019IMPROVE Ib\u00e9rica.<\/li>\n<li>Especialitzada a la cirurgia cl\u00ednica i el diagn\u00f2stic per imatge.<\/li>\n<\/ul>\n<p>[\/et_pb_text][\/et_pb_column][\/et_pb_row][\/et_pb_section]<\/p>\n","protected":false},"excerpt":{"rendered":"<p>Blanca Roger Hola, s\u00f3c Blanca Roger, veterin\u00e0ria, especialitzada en petits animals (gossos i gats) per\u00f2 des de petita he conviscut\u00a0amb cavalls. Vivim en una masia en finca de 130 Ha, amb\u00a0boscos i\u00a0camps a 45 min. de Barcelona, en la comarca del Moian\u00e9s, en un entorn privilegiat. Des de fa\u00a0un temps vaig decidir que la meva [&hellip;]<\/p>\n","protected":false},"author":10,"featured_media":0,"parent":0,"menu_order":0,"comment_status":"closed","ping_status":"closed","template":"","meta":{"_et_pb_use_builder":"on","_et_pb_old_content":"","_et_gb_content_width":"","_joinchat":[],"footnotes":""},"class_list":["post-804","page","type-page","status-publish","hentry"],"yoast_head":"<!-- This site is optimized with the Yoast SEO plugin v27.3 - https:\/\/yoast.com\/product\/yoast-seo-wordpress\/ -->\n<title>Qui som - Pupilaje de Caballos<\/title>\n<meta name=\"description\" content=\"Descobreix el nostre exclusiu resort per a cavalls, on el benestar i la cura dels teus equins s\u00f3n la nostra prioritat.\" \/>\n<meta name=\"robots\" content=\"index, follow, max-snippet:-1, max-image-preview:large, max-video-preview:-1\" \/>\n<link rel=\"canonical\" href=\"https:\/\/pupilajecaballos.com\/ca\/qui-som\/\" \/>\n<meta property=\"og:locale\" content=\"ca_ES\" \/>\n<meta property=\"og:type\" content=\"article\" \/>\n<meta property=\"og:title\" content=\"Qui som - Pupilaje de Caballos\" \/>\n<meta property=\"og:description\" content=\"Descobreix el nostre exclusiu resort per a cavalls, on el benestar i la cura dels teus equins s\u00f3n la nostra prioritat.\" \/>\n<meta property=\"og:url\" content=\"https:\/\/pupilajecaballos.com\/ca\/qui-som\/\" \/>\n<meta property=\"og:site_name\" content=\"Pupilaje de Caballos\" \/>\n<meta property=\"article:publisher\" content=\"https:\/\/www.facebook.com\/Serracarbassa-Horses-Resort-318910228544043\/\" \/>\n<meta property=\"article:modified_time\" content=\"2024-10-10T07:19:18+00:00\" \/>\n<meta property=\"og:image\" content=\"https:\/\/pupilajecaballos.com\/wp-content\/uploads\/2022\/02\/pupilaje-aerea1-scaled-e1727771325161.jpg\" \/>\n\t<meta property=\"og:image:width\" content=\"2880\" \/>\n\t<meta property=\"og:image:height\" content=\"2160\" \/>\n\t<meta property=\"og:image:type\" content=\"image\/jpeg\" \/>\n<meta name=\"twitter:card\" content=\"summary_large_image\" \/>\n<script type=\"application\/ld+json\" class=\"yoast-schema-graph\">{\"@context\":\"https:\\\/\\\/schema.org\",\"@graph\":[{\"@type\":\"WebPage\",\"@id\":\"https:\\\/\\\/pupilajecaballos.com\\\/ca\\\/qui-som\\\/\",\"url\":\"https:\\\/\\\/pupilajecaballos.com\\\/ca\\\/qui-som\\\/\",\"name\":\"Qui som - Pupilaje de Caballos\",\"isPartOf\":{\"@id\":\"https:\\\/\\\/pupilajecaballos.com\\\/en\\\/#website\"},\"datePublished\":\"2017-05-23T07:48:52+00:00\",\"dateModified\":\"2024-10-10T07:19:18+00:00\",\"description\":\"Descobreix el nostre exclusiu resort per a cavalls, on el benestar i la cura dels teus equins s\u00f3n la nostra prioritat.\",\"breadcrumb\":{\"@id\":\"https:\\\/\\\/pupilajecaballos.com\\\/ca\\\/qui-som\\\/#breadcrumb\"},\"inLanguage\":\"ca\",\"potentialAction\":[{\"@type\":\"ReadAction\",\"target\":[\"https:\\\/\\\/pupilajecaballos.com\\\/ca\\\/qui-som\\\/\"]}]},{\"@type\":\"BreadcrumbList\",\"@id\":\"https:\\\/\\\/pupilajecaballos.com\\\/ca\\\/qui-som\\\/#breadcrumb\",\"itemListElement\":[{\"@type\":\"ListItem\",\"position\":1,\"name\":\"Portada\",\"item\":\"https:\\\/\\\/pupilajecaballos.com\\\/ca\\\/\"},{\"@type\":\"ListItem\",\"position\":2,\"name\":\"Qui som\"}]},{\"@type\":\"WebSite\",\"@id\":\"https:\\\/\\\/pupilajecaballos.com\\\/en\\\/#website\",\"url\":\"https:\\\/\\\/pupilajecaballos.com\\\/en\\\/\",\"name\":\"Pupilaje de Caballos\",\"description\":\"Serracacarbassa Barcelona\",\"publisher\":{\"@id\":\"https:\\\/\\\/pupilajecaballos.com\\\/en\\\/#organization\"},\"potentialAction\":[{\"@type\":\"SearchAction\",\"target\":{\"@type\":\"EntryPoint\",\"urlTemplate\":\"https:\\\/\\\/pupilajecaballos.com\\\/en\\\/?s={search_term_string}\"},\"query-input\":{\"@type\":\"PropertyValueSpecification\",\"valueRequired\":true,\"valueName\":\"search_term_string\"}}],\"inLanguage\":\"ca\"},{\"@type\":\"Organization\",\"@id\":\"https:\\\/\\\/pupilajecaballos.com\\\/en\\\/#organization\",\"name\":\"Pupilaje de Caballos Serracarbassa\",\"alternateName\":\"Serra Carbassa Horses Resort\",\"url\":\"https:\\\/\\\/pupilajecaballos.com\\\/en\\\/\",\"logo\":{\"@type\":\"ImageObject\",\"inLanguage\":\"ca\",\"@id\":\"https:\\\/\\\/pupilajecaballos.com\\\/en\\\/#\\\/schema\\\/logo\\\/image\\\/\",\"url\":\"https:\\\/\\\/pupilajecaballos.com\\\/wp-content\\\/uploads\\\/2017\\\/01\\\/pin_maps3.png\",\"contentUrl\":\"https:\\\/\\\/pupilajecaballos.com\\\/wp-content\\\/uploads\\\/2017\\\/01\\\/pin_maps3.png\",\"width\":600,\"height\":707,\"caption\":\"Pupilaje de Caballos Serracarbassa\"},\"image\":{\"@id\":\"https:\\\/\\\/pupilajecaballos.com\\\/en\\\/#\\\/schema\\\/logo\\\/image\\\/\"},\"sameAs\":[\"https:\\\/\\\/www.facebook.com\\\/Serracarbassa-Horses-Resort-318910228544043\\\/\",\"https:\\\/\\\/www.instagram.com\\\/serracarbassa\"]}]}<\/script>\n<!-- \/ Yoast SEO plugin. -->","yoast_head_json":{"title":"Qui som - Pupilaje de Caballos","description":"Descobreix el nostre exclusiu resort per a cavalls, on el benestar i la cura dels teus equins s\u00f3n la nostra prioritat.","robots":{"index":"index","follow":"follow","max-snippet":"max-snippet:-1","max-image-preview":"max-image-preview:large","max-video-preview":"max-video-preview:-1"},"canonical":"https:\/\/pupilajecaballos.com\/ca\/qui-som\/","og_locale":"ca_ES","og_type":"article","og_title":"Qui som - Pupilaje de Caballos","og_description":"Descobreix el nostre exclusiu resort per a cavalls, on el benestar i la cura dels teus equins s\u00f3n la nostra prioritat.","og_url":"https:\/\/pupilajecaballos.com\/ca\/qui-som\/","og_site_name":"Pupilaje de Caballos","article_publisher":"https:\/\/www.facebook.com\/Serracarbassa-Horses-Resort-318910228544043\/","article_modified_time":"2024-10-10T07:19:18+00:00","og_image":[{"width":2880,"height":2160,"url":"https:\/\/pupilajecaballos.com\/wp-content\/uploads\/2022\/02\/pupilaje-aerea1-scaled-e1727771325161.jpg","type":"image\/jpeg"}],"twitter_card":"summary_large_image","schema":{"@context":"https:\/\/schema.org","@graph":[{"@type":"WebPage","@id":"https:\/\/pupilajecaballos.com\/ca\/qui-som\/","url":"https:\/\/pupilajecaballos.com\/ca\/qui-som\/","name":"Qui som - Pupilaje de Caballos","isPartOf":{"@id":"https:\/\/pupilajecaballos.com\/en\/#website"},"datePublished":"2017-05-23T07:48:52+00:00","dateModified":"2024-10-10T07:19:18+00:00","description":"Descobreix el nostre exclusiu resort per a cavalls, on el benestar i la cura dels teus equins s\u00f3n la nostra prioritat.","breadcrumb":{"@id":"https:\/\/pupilajecaballos.com\/ca\/qui-som\/#breadcrumb"},"inLanguage":"ca","potentialAction":[{"@type":"ReadAction","target":["https:\/\/pupilajecaballos.com\/ca\/qui-som\/"]}]},{"@type":"BreadcrumbList","@id":"https:\/\/pupilajecaballos.com\/ca\/qui-som\/#breadcrumb","itemListElement":[{"@type":"ListItem","position":1,"name":"Portada","item":"https:\/\/pupilajecaballos.com\/ca\/"},{"@type":"ListItem","position":2,"name":"Qui som"}]},{"@type":"WebSite","@id":"https:\/\/pupilajecaballos.com\/en\/#website","url":"https:\/\/pupilajecaballos.com\/en\/","name":"Pupilaje de Caballos","description":"Serracacarbassa Barcelona","publisher":{"@id":"https:\/\/pupilajecaballos.com\/en\/#organization"},"potentialAction":[{"@type":"SearchAction","target":{"@type":"EntryPoint","urlTemplate":"https:\/\/pupilajecaballos.com\/en\/?s={search_term_string}"},"query-input":{"@type":"PropertyValueSpecification","valueRequired":true,"valueName":"search_term_string"}}],"inLanguage":"ca"},{"@type":"Organization","@id":"https:\/\/pupilajecaballos.com\/en\/#organization","name":"Pupilaje de Caballos Serracarbassa","alternateName":"Serra Carbassa Horses Resort","url":"https:\/\/pupilajecaballos.com\/en\/","logo":{"@type":"ImageObject","inLanguage":"ca","@id":"https:\/\/pupilajecaballos.com\/en\/#\/schema\/logo\/image\/","url":"https:\/\/pupilajecaballos.com\/wp-content\/uploads\/2017\/01\/pin_maps3.png","contentUrl":"https:\/\/pupilajecaballos.com\/wp-content\/uploads\/2017\/01\/pin_maps3.png","width":600,"height":707,"caption":"Pupilaje de Caballos Serracarbassa"},"image":{"@id":"https:\/\/pupilajecaballos.com\/en\/#\/schema\/logo\/image\/"},"sameAs":["https:\/\/www.facebook.com\/Serracarbassa-Horses-Resort-318910228544043\/","https:\/\/www.instagram.com\/serracarbassa"]}]}},"_links":{"self":[{"href":"https:\/\/pupilajecaballos.com\/ca\/wp-json\/wp\/v2\/pages\/804","targetHints":{"allow":["GET"]}}],"collection":[{"href":"https:\/\/pupilajecaballos.com\/ca\/wp-json\/wp\/v2\/pages"}],"about":[{"href":"https:\/\/pupilajecaballos.com\/ca\/wp-json\/wp\/v2\/types\/page"}],"author":[{"embeddable":true,"href":"https:\/\/pupilajecaballos.com\/ca\/wp-json\/wp\/v2\/users\/10"}],"replies":[{"embeddable":true,"href":"https:\/\/pupilajecaballos.com\/ca\/wp-json\/wp\/v2\/comments?post=804"}],"version-history":[{"count":3,"href":"https:\/\/pupilajecaballos.com\/ca\/wp-json\/wp\/v2\/pages\/804\/revisions"}],"predecessor-version":[{"id":1927,"href":"https:\/\/pupilajecaballos.com\/ca\/wp-json\/wp\/v2\/pages\/804\/revisions\/1927"}],"wp:attachment":[{"href":"https:\/\/pupilajecaballos.com\/ca\/wp-json\/wp\/v2\/media?parent=804"}],"curies":[{"name":"wp","href":"https:\/\/api.w.org\/{rel}","templated":true}]}}