{"id":820,"date":"2017-05-23T07:50:54","date_gmt":"2017-05-23T07:50:54","guid":{"rendered":"http:\/\/pupilajecaballos.com\/?page_id=820"},"modified":"2025-06-02T10:48:57","modified_gmt":"2025-06-02T08:48:57","slug":"recuperacio-de-cavalls","status":"publish","type":"page","link":"https:\/\/pupilajecaballos.com\/ca\/recuperacio-de-cavalls\/","title":{"rendered":"Recuperaci\u00f3 de cavalls"},"content":{"rendered":"<p>[et_pb_section fb_built=&#8221;1&#8243; admin_label=&#8221;section&#8221; _builder_version=&#8221;4.16&#8243; transparent_background=&#8221;off&#8221; make_fullwidth=&#8221;off&#8221; use_custom_width=&#8221;off&#8221; width_unit=&#8221;on&#8221; global_colors_info=&#8221;{}&#8221;][et_pb_row admin_label=&#8221;row&#8221; _builder_version=&#8221;4.16&#8243; background_size=&#8221;initial&#8221; background_position=&#8221;top_left&#8221; background_repeat=&#8221;repeat&#8221; global_colors_info=&#8221;{}&#8221;][et_pb_column type=&#8221;4_4&#8243; _builder_version=&#8221;4.16&#8243; custom_padding=&#8221;|||&#8221; global_colors_info=&#8221;{}&#8221; custom_padding__hover=&#8221;|||&#8221;][et_pb_post_title meta=&#8221;off&#8221; _builder_version=&#8221;4.16&#8243; title_font_size=&#8221;30px&#8221; custom_margin=&#8221;||-70px|&#8221; parallax_effect=&#8221;off&#8221; use_border_color=&#8221;off&#8221; border_color=&#8221;#ffffff&#8221; border_style=&#8221;solid&#8221; global_colors_info=&#8221;{}&#8221;][\/et_pb_post_title][\/et_pb_column][\/et_pb_row][\/et_pb_section][et_pb_section fb_built=&#8221;1&#8243; _builder_version=&#8221;4.16&#8243; transparent_background=&#8221;off&#8221; make_fullwidth=&#8221;off&#8221; use_custom_width=&#8221;off&#8221; width_unit=&#8221;on&#8221; global_colors_info=&#8221;{}&#8221;][et_pb_row column_structure=&#8221;1_3,2_3&#8243; _builder_version=&#8221;4.16&#8243; background_size=&#8221;initial&#8221; background_position=&#8221;top_left&#8221; background_repeat=&#8221;repeat&#8221; global_colors_info=&#8221;{}&#8221;][et_pb_column type=&#8221;1_3&#8243; _builder_version=&#8221;4.16&#8243; custom_padding=&#8221;|||&#8221; global_colors_info=&#8221;{}&#8221; custom_padding__hover=&#8221;|||&#8221;][et_pb_image src=&#8221;https:\/\/pupilajecaballos.com\/wp-content\/uploads\/2017\/01\/recuperacio_be.jpg&#8221; alt=&#8221;Cavall en rehabilitaci\u00f3&#8221; align_tablet=&#8221;center&#8221; align_phone=&#8221;&#8221; align_last_edited=&#8221;on|desktop&#8221; _builder_version=&#8221;4.27.0&#8243; animation_style=&#8221;slide&#8221; animation_direction=&#8221;left&#8221; animation_duration=&#8221;500ms&#8221; animation_intensity_slide=&#8221;10%&#8221; use_border_color=&#8221;off&#8221; border_color=&#8221;#ffffff&#8221; border_style=&#8221;solid&#8221; animation=&#8221;left&#8221; sticky=&#8221;off&#8221; always_center_on_mobile=&#8221;on&#8221; global_colors_info=&#8221;{}&#8221;][\/et_pb_image][\/et_pb_column][et_pb_column type=&#8221;2_3&#8243; _builder_version=&#8221;4.16&#8243; custom_padding=&#8221;|||&#8221; global_colors_info=&#8221;{}&#8221; custom_padding__hover=&#8221;|||&#8221;][et_pb_text _builder_version=&#8221;4.16&#8243; background_size=&#8221;initial&#8221; background_position=&#8221;top_left&#8221; background_repeat=&#8221;repeat&#8221; border_style=&#8221;solid&#8221; global_colors_info=&#8221;{}&#8221;]Qualsevol cavall lesionat despr\u00e9s d\u2019una dura temporada podr\u00e0 fer la seva rehabilitaci\u00f3 amb nosaltres ja que disposem d\u2019un servei d\u2019acupuntura, fisioterapeuta, odontologia, equip veterinari, ferrador, tots amb gran experi\u00e8ncia en aquest meravell\u00f3s m\u00f3n.<br \/>\nPodem acomodar el paddock a les seves necessitats.<br \/>\nL\u2019alimentaci\u00f3 ser\u00e0 segons la tipologia del cavall.<br \/>\n[\/et_pb_text][\/et_pb_column][\/et_pb_row][et_pb_row column_structure=&#8221;1_2,1_2&#8243; _builder_version=&#8221;4.16&#8243; background_size=&#8221;initial&#8221; background_position=&#8221;top_left&#8221; background_repeat=&#8221;repeat&#8221; global_colors_info=&#8221;{}&#8221;][et_pb_column type=&#8221;1_2&#8243; _builder_version=&#8221;4.16&#8243; custom_padding=&#8221;|||&#8221; global_colors_info=&#8221;{}&#8221; custom_padding__hover=&#8221;|||&#8221;][et_pb_image src=&#8221;https:\/\/pupilajecaballos.com\/wp-content\/uploads\/2017\/01\/047.jpg&#8221; alt=&#8221;Cavall a l&#8217;estable&#8221; align=&#8221;center&#8221; align_tablet=&#8221;center&#8221; align_phone=&#8221;&#8221; align_last_edited=&#8221;on|desktop&#8221; _builder_version=&#8221;4.27.0&#8243; animation_style=&#8221;fade&#8221; animation_duration=&#8221;500ms&#8221; use_border_color=&#8221;off&#8221; border_color=&#8221;#ffffff&#8221; border_style=&#8221;solid&#8221; animation=&#8221;fade_in&#8221; sticky=&#8221;off&#8221; always_center_on_mobile=&#8221;on&#8221; global_colors_info=&#8221;{}&#8221;][\/et_pb_image][\/et_pb_column][et_pb_column type=&#8221;1_2&#8243; _builder_version=&#8221;4.16&#8243; custom_padding=&#8221;|||&#8221; global_colors_info=&#8221;{}&#8221; custom_padding__hover=&#8221;|||&#8221;][et_pb_image src=&#8221;https:\/\/pupilajecaballos.com\/wp-content\/uploads\/2017\/01\/001.jpg&#8221; alt=&#8221;Cavall dins l&#8217;estable&#8221; align=&#8221;center&#8221; align_tablet=&#8221;center&#8221; align_phone=&#8221;&#8221; align_last_edited=&#8221;on|desktop&#8221; _builder_version=&#8221;4.27.0&#8243; animation_style=&#8221;fade&#8221; animation_duration=&#8221;500ms&#8221; use_border_color=&#8221;off&#8221; border_color=&#8221;#ffffff&#8221; border_style=&#8221;solid&#8221; animation=&#8221;fade_in&#8221; sticky=&#8221;off&#8221; always_center_on_mobile=&#8221;on&#8221; global_colors_info=&#8221;{}&#8221;][\/et_pb_image][\/et_pb_column][\/et_pb_row][et_pb_row column_structure=&#8221;1_5,1_5,1_5,1_5,1_5&#8243; _builder_version=&#8221;4.16&#8243; background_size=&#8221;initial&#8221; background_position=&#8221;top_left&#8221; background_repeat=&#8221;repeat&#8221; global_colors_info=&#8221;{}&#8221;][et_pb_column type=&#8221;1_5&#8243; _builder_version=&#8221;4.16&#8243; custom_padding=&#8221;|||&#8221; global_colors_info=&#8221;{}&#8221; custom_padding__hover=&#8221;|||&#8221;][et_pb_team_member name=&#8221;Gaspar C. Castelijns&#8221; position=&#8221;Veterinari Col. GI 878&#8243; image_url=&#8221;https:\/\/pupilajecaballos.com\/wp-content\/uploads\/2017\/01\/Gaspar2-1.jpg&#8221; module_class=&#8221;blancnegre&#8221; _builder_version=&#8221;4.16&#8243; background_size=&#8221;initial&#8221; background_position=&#8221;top_left&#8221; background_repeat=&#8221;repeat&#8221; animation=&#8221;fade_in&#8221; use_border_color=&#8221;off&#8221; border_color=&#8221;#a5c281&#8243; border_width=&#8221;3px&#8221; border_style=&#8221;solid&#8221; global_colors_info=&#8221;{}&#8221;]<\/p>\n<ul>\n<li>Ortop\u00e8dia<\/li>\n<li>Podologia<\/li>\n<li>Cirurgia<\/li>\n<li>Medicina esportiva<\/li>\n<\/ul>\n<p>[\/et_pb_team_member][\/et_pb_column][et_pb_column type=&#8221;1_5&#8243; _builder_version=&#8221;4.16&#8243; custom_padding=&#8221;|||&#8221; global_colors_info=&#8221;{}&#8221; custom_padding__hover=&#8221;|||&#8221;][et_pb_team_member name=&#8221;Claudio Nomen&#8221; position=&#8221;Veterinari Col. B 1019&#8243; image_url=&#8221;https:\/\/pupilajecaballos.com\/wp-content\/uploads\/2017\/01\/Claudio.jpg&#8221; module_class=&#8221;blancnegre&#8221; _builder_version=&#8221;4.16&#8243; background_size=&#8221;initial&#8221; background_position=&#8221;top_left&#8221; background_repeat=&#8221;repeat&#8221; animation=&#8221;fade_in&#8221; use_border_color=&#8221;off&#8221; border_color=&#8221;#a5c281&#8243; border_width=&#8221;3px&#8221; border_style=&#8221;solid&#8221; global_colors_info=&#8221;{}&#8221;]<\/p>\n<ul>\n<li>Ortop\u00e8dia<\/li>\n<li>Cirurgia<\/li>\n<li>Diagn\u00f2stic per imatge<\/li>\n<li>Medicina esportiva<\/li>\n<\/ul>\n<p>[\/et_pb_team_member][\/et_pb_column][et_pb_column type=&#8221;1_5&#8243; _builder_version=&#8221;4.16&#8243; custom_padding=&#8221;|||&#8221; global_colors_info=&#8221;{}&#8221; custom_padding__hover=&#8221;|||&#8221;][et_pb_team_member name=&#8221;\u00c1ngeles Esteban (Mocha)&#8221; position=&#8221;Veterinari Col. B 2534&#8243; image_url=&#8221;https:\/\/pupilajecaballos.com\/wp-content\/uploads\/2017\/01\/Angeles.jpg&#8221; module_class=&#8221;blancnegre&#8221; _builder_version=&#8221;4.16&#8243; background_size=&#8221;initial&#8221; background_position=&#8221;top_left&#8221; background_repeat=&#8221;repeat&#8221; animation=&#8221;fade_in&#8221; use_border_color=&#8221;off&#8221; border_color=&#8221;#a5c281&#8243; border_width=&#8221;3px&#8221; border_style=&#8221;solid&#8221; global_colors_info=&#8221;{}&#8221;]<\/p>\n<ul>\n<li>Ortop\u00e8dia<\/li>\n<li>Medicina interna<\/li>\n<li>Anest\u00e8sia<\/li>\n<li>Medicina esportiva<\/li>\n<\/ul>\n<p>[\/et_pb_team_member][\/et_pb_column][et_pb_column type=&#8221;1_5&#8243; _builder_version=&#8221;4.16&#8243; custom_padding=&#8221;|||&#8221; global_colors_info=&#8221;{}&#8221; custom_padding__hover=&#8221;|||&#8221;][et_pb_team_member name=&#8221;Blanca Roger&#8221; position=&#8221;Veterinari Col. B 1386&#8243; image_url=&#8221;https:\/\/pupilajecaballos.com\/wp-content\/uploads\/2017\/01\/Blanca.jpg&#8221; module_class=&#8221;blancnegre&#8221; _builder_version=&#8221;4.16&#8243; background_size=&#8221;initial&#8221; background_position=&#8221;top_left&#8221; background_repeat=&#8221;repeat&#8221; animation=&#8221;fade_in&#8221; use_border_color=&#8221;off&#8221; border_color=&#8221;#a5c281&#8243; border_width=&#8221;3px&#8221; border_style=&#8221;solid&#8221; global_colors_info=&#8221;{}&#8221;]<\/p>\n<ul>\n<li>Veterin\u00e0ria<\/li>\n<li>AO de traumatologia, medicina interna, dermatologia i cirurgia<\/li>\n<li>Postgrau de diagn\u00f2stic per imatge d\u2019IMPROVE Ib\u00e9rica.<\/li>\n<li>Especialitzada a la cirurgia cl\u00ednica i el diagn\u00f2stic per imatge.<\/li>\n<\/ul>\n<p>[\/et_pb_team_member][\/et_pb_column][et_pb_column type=&#8221;1_5&#8243; _builder_version=&#8221;4.16&#8243; custom_padding=&#8221;|||&#8221; global_colors_info=&#8221;{}&#8221; custom_padding__hover=&#8221;|||&#8221;][et_pb_team_member name=&#8221;Roger Vilarrasa Sa\u00f1e&#8221; position=&#8221;Ferrador&#8221; image_url=&#8221;https:\/\/pupilajecaballos.com\/wp-content\/uploads\/2017\/01\/Roger3.jpg&#8221; module_class=&#8221;blancnegre&#8221; _builder_version=&#8221;4.16&#8243; background_size=&#8221;initial&#8221; background_position=&#8221;top_left&#8221; background_repeat=&#8221;repeat&#8221; animation=&#8221;fade_in&#8221; use_border_color=&#8221;off&#8221; border_color=&#8221;#a5c281&#8243; border_width=&#8221;3px&#8221; border_style=&#8221;solid&#8221; global_colors_info=&#8221;{}&#8221;]<\/p>\n<ul>\n<li>Ferrador de la EFFA<\/li>\n<\/ul>\n<p>[\/et_pb_team_member][\/et_pb_column][\/et_pb_row][et_pb_row column_structure=&#8221;1_4,1_4,1_4,1_4&#8243; disabled_on=&#8221;on|on|on&#8221; _builder_version=&#8221;4.16&#8243; background_size=&#8221;initial&#8221; background_position=&#8221;top_left&#8221; background_repeat=&#8221;repeat&#8221; disabled=&#8221;on&#8221; global_colors_info=&#8221;{}&#8221;][et_pb_column type=&#8221;1_4&#8243; _builder_version=&#8221;4.16&#8243; custom_padding=&#8221;|||&#8221; global_colors_info=&#8221;{}&#8221; custom_padding__hover=&#8221;|||&#8221;][\/et_pb_column][et_pb_column type=&#8221;1_4&#8243; _builder_version=&#8221;4.16&#8243; custom_padding=&#8221;|||&#8221; global_colors_info=&#8221;{}&#8221; custom_padding__hover=&#8221;|||&#8221;][et_pb_team_member name=&#8221;Matilde Duch&#8221; position=&#8221;Odont\u00f2loga Col. B 1191&#8243; image_url=&#8221;https:\/\/pupilajecaballos.com\/wp-content\/uploads\/2017\/01\/matilde.jpg&#8221; disabled_on=&#8221;on|on|on&#8221; module_class=&#8221;blancnegre&#8221; _builder_version=&#8221;4.16&#8243; background_size=&#8221;initial&#8221; background_position=&#8221;top_left&#8221; background_repeat=&#8221;repeat&#8221; animation=&#8221;fade_in&#8221; use_border_color=&#8221;off&#8221; border_color=&#8221;#a5c281&#8243; border_width=&#8221;3px&#8221; border_style=&#8221;solid&#8221; disabled=&#8221;on&#8221; global_colors_info=&#8221;{}&#8221;]<\/p>\n<ul>\n<li>Llicenciada en veterin\u00e0ria per la UAB el 1988<\/li>\n<li>Especialitzada en odontologia equina des de l&#8217;any 2000<\/li>\n<li>Certificaci\u00f3 avan\u00e7ada per la International Association of Equine Dentistry (I.A.E.D. C \/ A)<\/li>\n<\/ul>\n<p>[\/et_pb_team_member][\/et_pb_column][et_pb_column type=&#8221;1_4&#8243; _builder_version=&#8221;4.16&#8243; custom_padding=&#8221;|||&#8221; global_colors_info=&#8221;{}&#8221; custom_padding__hover=&#8221;|||&#8221;][\/et_pb_column][et_pb_column type=&#8221;1_4&#8243; _builder_version=&#8221;4.16&#8243; custom_padding=&#8221;|||&#8221; global_colors_info=&#8221;{}&#8221; custom_padding__hover=&#8221;|||&#8221;][\/et_pb_column][\/et_pb_row][\/et_pb_section]<\/p>\n","protected":false},"excerpt":{"rendered":"<p>Qualsevol cavall lesionat despr\u00e9s d\u2019una dura temporada podr\u00e0 fer la seva rehabilitaci\u00f3 amb nosaltres ja que disposem d\u2019un servei d\u2019acupuntura, fisioterapeuta, odontologia, equip veterinari, ferrador, tots amb gran experi\u00e8ncia en aquest meravell\u00f3s m\u00f3n. Podem acomodar el paddock a les seves necessitats. L\u2019alimentaci\u00f3 ser\u00e0 segons la tipologia del cavall. Ortop\u00e8dia Podologia Cirurgia Medicina esportiva Ortop\u00e8dia Cirurgia [&hellip;]<\/p>\n","protected":false},"author":10,"featured_media":0,"parent":0,"menu_order":0,"comment_status":"closed","ping_status":"closed","template":"","meta":{"_et_pb_use_builder":"on","_et_pb_old_content":"","_et_gb_content_width":"","_joinchat":[],"footnotes":""},"class_list":["post-820","page","type-page","status-publish","hentry"],"yoast_head":"<!-- This site is optimized with the Yoast SEO plugin v27.3 - https:\/\/yoast.com\/product\/yoast-seo-wordpress\/ -->\n<title>Recuperaci\u00f3 de cavalls - Pupilaje de Caballos<\/title>\n<meta name=\"description\" content=\"A Serracarbassa Horses Resort, oferim serveis especialitzats de recuperaci\u00f3 per a cavalls lesionats o en rehabilitaci\u00f3.\" \/>\n<meta name=\"robots\" content=\"index, follow, max-snippet:-1, max-image-preview:large, max-video-preview:-1\" \/>\n<link rel=\"canonical\" href=\"https:\/\/pupilajecaballos.com\/ca\/recuperacio-de-cavalls\/\" \/>\n<meta property=\"og:locale\" content=\"ca_ES\" \/>\n<meta property=\"og:type\" content=\"article\" \/>\n<meta property=\"og:title\" content=\"Recuperaci\u00f3 de cavalls - Pupilaje de Caballos\" \/>\n<meta property=\"og:description\" content=\"A Serracarbassa Horses Resort, oferim serveis especialitzats de recuperaci\u00f3 per a cavalls lesionats o en rehabilitaci\u00f3.\" \/>\n<meta property=\"og:url\" content=\"https:\/\/pupilajecaballos.com\/ca\/recuperacio-de-cavalls\/\" \/>\n<meta property=\"og:site_name\" content=\"Pupilaje de Caballos\" \/>\n<meta property=\"article:publisher\" content=\"https:\/\/www.facebook.com\/Serracarbassa-Horses-Resort-318910228544043\/\" \/>\n<meta property=\"article:modified_time\" content=\"2025-06-02T08:48:57+00:00\" \/>\n<meta property=\"og:image\" content=\"https:\/\/pupilajecaballos.com\/wp-content\/uploads\/2022\/02\/pupilaje-aerea1-scaled-e1727771325161.jpg\" \/>\n\t<meta property=\"og:image:width\" content=\"2880\" \/>\n\t<meta property=\"og:image:height\" content=\"2160\" \/>\n\t<meta property=\"og:image:type\" content=\"image\/jpeg\" \/>\n<meta name=\"twitter:card\" content=\"summary_large_image\" \/>\n<script type=\"application\/ld+json\" class=\"yoast-schema-graph\">{\"@context\":\"https:\\\/\\\/schema.org\",\"@graph\":[{\"@type\":\"WebPage\",\"@id\":\"https:\\\/\\\/pupilajecaballos.com\\\/ca\\\/recuperacio-de-cavalls\\\/\",\"url\":\"https:\\\/\\\/pupilajecaballos.com\\\/ca\\\/recuperacio-de-cavalls\\\/\",\"name\":\"Recuperaci\u00f3 de cavalls - Pupilaje de Caballos\",\"isPartOf\":{\"@id\":\"https:\\\/\\\/pupilajecaballos.com\\\/en\\\/#website\"},\"datePublished\":\"2017-05-23T07:50:54+00:00\",\"dateModified\":\"2025-06-02T08:48:57+00:00\",\"description\":\"A Serracarbassa Horses Resort, oferim serveis especialitzats de recuperaci\u00f3 per a cavalls lesionats o en rehabilitaci\u00f3.\",\"breadcrumb\":{\"@id\":\"https:\\\/\\\/pupilajecaballos.com\\\/ca\\\/recuperacio-de-cavalls\\\/#breadcrumb\"},\"inLanguage\":\"ca\",\"potentialAction\":[{\"@type\":\"ReadAction\",\"target\":[\"https:\\\/\\\/pupilajecaballos.com\\\/ca\\\/recuperacio-de-cavalls\\\/\"]}]},{\"@type\":\"BreadcrumbList\",\"@id\":\"https:\\\/\\\/pupilajecaballos.com\\\/ca\\\/recuperacio-de-cavalls\\\/#breadcrumb\",\"itemListElement\":[{\"@type\":\"ListItem\",\"position\":1,\"name\":\"Portada\",\"item\":\"https:\\\/\\\/pupilajecaballos.com\\\/ca\\\/\"},{\"@type\":\"ListItem\",\"position\":2,\"name\":\"Recuperaci\u00f3 de cavalls\"}]},{\"@type\":\"WebSite\",\"@id\":\"https:\\\/\\\/pupilajecaballos.com\\\/en\\\/#website\",\"url\":\"https:\\\/\\\/pupilajecaballos.com\\\/en\\\/\",\"name\":\"Pupilaje de Caballos\",\"description\":\"Serracacarbassa Barcelona\",\"publisher\":{\"@id\":\"https:\\\/\\\/pupilajecaballos.com\\\/en\\\/#organization\"},\"potentialAction\":[{\"@type\":\"SearchAction\",\"target\":{\"@type\":\"EntryPoint\",\"urlTemplate\":\"https:\\\/\\\/pupilajecaballos.com\\\/en\\\/?s={search_term_string}\"},\"query-input\":{\"@type\":\"PropertyValueSpecification\",\"valueRequired\":true,\"valueName\":\"search_term_string\"}}],\"inLanguage\":\"ca\"},{\"@type\":\"Organization\",\"@id\":\"https:\\\/\\\/pupilajecaballos.com\\\/en\\\/#organization\",\"name\":\"Pupilaje de Caballos Serracarbassa\",\"alternateName\":\"Serra Carbassa Horses Resort\",\"url\":\"https:\\\/\\\/pupilajecaballos.com\\\/en\\\/\",\"logo\":{\"@type\":\"ImageObject\",\"inLanguage\":\"ca\",\"@id\":\"https:\\\/\\\/pupilajecaballos.com\\\/en\\\/#\\\/schema\\\/logo\\\/image\\\/\",\"url\":\"https:\\\/\\\/pupilajecaballos.com\\\/wp-content\\\/uploads\\\/2017\\\/01\\\/pin_maps3.png\",\"contentUrl\":\"https:\\\/\\\/pupilajecaballos.com\\\/wp-content\\\/uploads\\\/2017\\\/01\\\/pin_maps3.png\",\"width\":600,\"height\":707,\"caption\":\"Pupilaje de Caballos Serracarbassa\"},\"image\":{\"@id\":\"https:\\\/\\\/pupilajecaballos.com\\\/en\\\/#\\\/schema\\\/logo\\\/image\\\/\"},\"sameAs\":[\"https:\\\/\\\/www.facebook.com\\\/Serracarbassa-Horses-Resort-318910228544043\\\/\",\"https:\\\/\\\/www.instagram.com\\\/serracarbassa\"]}]}<\/script>\n<!-- \/ Yoast SEO plugin. -->","yoast_head_json":{"title":"Recuperaci\u00f3 de cavalls - Pupilaje de Caballos","description":"A Serracarbassa Horses Resort, oferim serveis especialitzats de recuperaci\u00f3 per a cavalls lesionats o en rehabilitaci\u00f3.","robots":{"index":"index","follow":"follow","max-snippet":"max-snippet:-1","max-image-preview":"max-image-preview:large","max-video-preview":"max-video-preview:-1"},"canonical":"https:\/\/pupilajecaballos.com\/ca\/recuperacio-de-cavalls\/","og_locale":"ca_ES","og_type":"article","og_title":"Recuperaci\u00f3 de cavalls - Pupilaje de Caballos","og_description":"A Serracarbassa Horses Resort, oferim serveis especialitzats de recuperaci\u00f3 per a cavalls lesionats o en rehabilitaci\u00f3.","og_url":"https:\/\/pupilajecaballos.com\/ca\/recuperacio-de-cavalls\/","og_site_name":"Pupilaje de Caballos","article_publisher":"https:\/\/www.facebook.com\/Serracarbassa-Horses-Resort-318910228544043\/","article_modified_time":"2025-06-02T08:48:57+00:00","og_image":[{"width":2880,"height":2160,"url":"https:\/\/pupilajecaballos.com\/wp-content\/uploads\/2022\/02\/pupilaje-aerea1-scaled-e1727771325161.jpg","type":"image\/jpeg"}],"twitter_card":"summary_large_image","schema":{"@context":"https:\/\/schema.org","@graph":[{"@type":"WebPage","@id":"https:\/\/pupilajecaballos.com\/ca\/recuperacio-de-cavalls\/","url":"https:\/\/pupilajecaballos.com\/ca\/recuperacio-de-cavalls\/","name":"Recuperaci\u00f3 de cavalls - Pupilaje de Caballos","isPartOf":{"@id":"https:\/\/pupilajecaballos.com\/en\/#website"},"datePublished":"2017-05-23T07:50:54+00:00","dateModified":"2025-06-02T08:48:57+00:00","description":"A Serracarbassa Horses Resort, oferim serveis especialitzats de recuperaci\u00f3 per a cavalls lesionats o en rehabilitaci\u00f3.","breadcrumb":{"@id":"https:\/\/pupilajecaballos.com\/ca\/recuperacio-de-cavalls\/#breadcrumb"},"inLanguage":"ca","potentialAction":[{"@type":"ReadAction","target":["https:\/\/pupilajecaballos.com\/ca\/recuperacio-de-cavalls\/"]}]},{"@type":"BreadcrumbList","@id":"https:\/\/pupilajecaballos.com\/ca\/recuperacio-de-cavalls\/#breadcrumb","itemListElement":[{"@type":"ListItem","position":1,"name":"Portada","item":"https:\/\/pupilajecaballos.com\/ca\/"},{"@type":"ListItem","position":2,"name":"Recuperaci\u00f3 de cavalls"}]},{"@type":"WebSite","@id":"https:\/\/pupilajecaballos.com\/en\/#website","url":"https:\/\/pupilajecaballos.com\/en\/","name":"Pupilaje de Caballos","description":"Serracacarbassa Barcelona","publisher":{"@id":"https:\/\/pupilajecaballos.com\/en\/#organization"},"potentialAction":[{"@type":"SearchAction","target":{"@type":"EntryPoint","urlTemplate":"https:\/\/pupilajecaballos.com\/en\/?s={search_term_string}"},"query-input":{"@type":"PropertyValueSpecification","valueRequired":true,"valueName":"search_term_string"}}],"inLanguage":"ca"},{"@type":"Organization","@id":"https:\/\/pupilajecaballos.com\/en\/#organization","name":"Pupilaje de Caballos Serracarbassa","alternateName":"Serra Carbassa Horses Resort","url":"https:\/\/pupilajecaballos.com\/en\/","logo":{"@type":"ImageObject","inLanguage":"ca","@id":"https:\/\/pupilajecaballos.com\/en\/#\/schema\/logo\/image\/","url":"https:\/\/pupilajecaballos.com\/wp-content\/uploads\/2017\/01\/pin_maps3.png","contentUrl":"https:\/\/pupilajecaballos.com\/wp-content\/uploads\/2017\/01\/pin_maps3.png","width":600,"height":707,"caption":"Pupilaje de Caballos Serracarbassa"},"image":{"@id":"https:\/\/pupilajecaballos.com\/en\/#\/schema\/logo\/image\/"},"sameAs":["https:\/\/www.facebook.com\/Serracarbassa-Horses-Resort-318910228544043\/","https:\/\/www.instagram.com\/serracarbassa"]}]}},"_links":{"self":[{"href":"https:\/\/pupilajecaballos.com\/ca\/wp-json\/wp\/v2\/pages\/820","targetHints":{"allow":["GET"]}}],"collection":[{"href":"https:\/\/pupilajecaballos.com\/ca\/wp-json\/wp\/v2\/pages"}],"about":[{"href":"https:\/\/pupilajecaballos.com\/ca\/wp-json\/wp\/v2\/types\/page"}],"author":[{"embeddable":true,"href":"https:\/\/pupilajecaballos.com\/ca\/wp-json\/wp\/v2\/users\/10"}],"replies":[{"embeddable":true,"href":"https:\/\/pupilajecaballos.com\/ca\/wp-json\/wp\/v2\/comments?post=820"}],"version-history":[{"count":3,"href":"https:\/\/pupilajecaballos.com\/ca\/wp-json\/wp\/v2\/pages\/820\/revisions"}],"predecessor-version":[{"id":2353,"href":"https:\/\/pupilajecaballos.com\/ca\/wp-json\/wp\/v2\/pages\/820\/revisions\/2353"}],"wp:attachment":[{"href":"https:\/\/pupilajecaballos.com\/ca\/wp-json\/wp\/v2\/media?parent=820"}],"curies":[{"name":"wp","href":"https:\/\/api.w.org\/{rel}","templated":true}]}}