{"id":824,"date":"2017-05-23T07:52:15","date_gmt":"2017-05-23T07:52:15","guid":{"rendered":"http:\/\/pupilajecaballos.com\/?page_id=824"},"modified":"2025-06-02T10:48:04","modified_gmt":"2025-06-02T08:48:04","slug":"veterinari-clinic","status":"publish","type":"page","link":"https:\/\/pupilajecaballos.com\/ca\/veterinari-clinic\/","title":{"rendered":"Veterinari cl\u00ednic"},"content":{"rendered":"<p>[et_pb_section fb_built=&#8221;1&#8243; admin_label=&#8221;section&#8221; _builder_version=&#8221;4.16&#8243; global_colors_info=&#8221;{}&#8221;][et_pb_row admin_label=&#8221;row&#8221; _builder_version=&#8221;4.16&#8243; background_size=&#8221;initial&#8221; background_position=&#8221;top_left&#8221; background_repeat=&#8221;repeat&#8221; global_colors_info=&#8221;{}&#8221;][et_pb_column type=&#8221;4_4&#8243; _builder_version=&#8221;4.16&#8243; custom_padding=&#8221;|||&#8221; global_colors_info=&#8221;{}&#8221; custom_padding__hover=&#8221;|||&#8221;][et_pb_post_title meta=&#8221;off&#8221; _builder_version=&#8221;4.16&#8243; title_font_size=&#8221;30px&#8221; parallax_effect=&#8221;off&#8221; use_border_color=&#8221;off&#8221; border_color=&#8221;#ffffff&#8221; border_style=&#8221;solid&#8221; global_colors_info=&#8221;{}&#8221;][\/et_pb_post_title][\/et_pb_column][\/et_pb_row][et_pb_row column_structure=&#8221;1_3,2_3&#8243; admin_label=&#8221;row&#8221; _builder_version=&#8221;4.16&#8243; background_size=&#8221;initial&#8221; background_position=&#8221;top_left&#8221; background_repeat=&#8221;repeat&#8221; global_colors_info=&#8221;{}&#8221;][et_pb_column type=&#8221;1_3&#8243; _builder_version=&#8221;4.16&#8243; custom_padding=&#8221;|||&#8221; global_colors_info=&#8221;{}&#8221; custom_padding__hover=&#8221;|||&#8221;][et_pb_image src=&#8221;https:\/\/pupilajecaballos.com\/wp-content\/uploads\/2017\/01\/quienes_imagen2.jpg&#8221; alt=&#8221;Ferradors treballant&#8221; align_tablet=&#8221;center&#8221; align_phone=&#8221;center&#8221; align_last_edited=&#8221;on|desktop&#8221; _builder_version=&#8221;4.27.0&#8243; animation_style=&#8221;slide&#8221; animation_direction=&#8221;left&#8221; animation_duration=&#8221;500ms&#8221; animation_intensity_slide=&#8221;10%&#8221; use_border_color=&#8221;off&#8221; border_color=&#8221;#ffffff&#8221; border_style=&#8221;solid&#8221; animation=&#8221;left&#8221; sticky=&#8221;off&#8221; always_center_on_mobile=&#8221;on&#8221; global_colors_info=&#8221;{}&#8221;][\/et_pb_image][\/et_pb_column][et_pb_column type=&#8221;2_3&#8243; _builder_version=&#8221;4.16&#8243; custom_padding=&#8221;|||&#8221; global_colors_info=&#8221;{}&#8221; custom_padding__hover=&#8221;|||&#8221;][et_pb_text _builder_version=&#8221;4.16&#8243; background_size=&#8221;initial&#8221; background_position=&#8221;top_left&#8221; background_repeat=&#8221;repeat&#8221; border_style=&#8221;solid&#8221; global_colors_info=&#8221;{}&#8221;]Tenim a la nostra disposici\u00f3 un grup de veterinaris per a qualsevol necessitat. Si el client disposa del seu propi veterinari de confian\u00e7a, tamb\u00e9 podem posar-nos-hi en contacte per a qualsevol consulta o problema. El fet que la Blanca Roger hagi estat tota la vida envoltada de cavalls i essent veterin\u00e0ria, fa que detectem qualsevol anomalia r\u00e0pidament<br \/>\n[\/et_pb_text][\/et_pb_column][\/et_pb_row][et_pb_row column_structure=&#8221;1_2,1_2&#8243; admin_label=&#8221;row&#8221; _builder_version=&#8221;4.16&#8243; background_size=&#8221;initial&#8221; background_position=&#8221;top_left&#8221; background_repeat=&#8221;repeat&#8221; global_colors_info=&#8221;{}&#8221;][et_pb_column type=&#8221;1_2&#8243; _builder_version=&#8221;4.16&#8243; custom_padding=&#8221;|||&#8221; global_colors_info=&#8221;{}&#8221; custom_padding__hover=&#8221;|||&#8221;][et_pb_image src=&#8221;https:\/\/pupilajecaballos.com\/wp-content\/uploads\/2017\/01\/006.jpg&#8221; alt=&#8221;Blanca amb cavall marr\u00f3&#8221; align_tablet=&#8221;center&#8221; align_phone=&#8221;center&#8221; align_last_edited=&#8221;on|desktop&#8221; _builder_version=&#8221;4.27.0&#8243; animation_style=&#8221;slide&#8221; animation_direction=&#8221;left&#8221; animation_duration=&#8221;500ms&#8221; animation_intensity_slide=&#8221;10%&#8221; use_border_color=&#8221;off&#8221; border_color=&#8221;#ffffff&#8221; border_style=&#8221;solid&#8221; animation=&#8221;left&#8221; sticky=&#8221;off&#8221; always_center_on_mobile=&#8221;on&#8221; global_colors_info=&#8221;{}&#8221;][\/et_pb_image][\/et_pb_column][et_pb_column type=&#8221;1_2&#8243; _builder_version=&#8221;4.16&#8243; custom_padding=&#8221;|||&#8221; global_colors_info=&#8221;{}&#8221; custom_padding__hover=&#8221;|||&#8221;][et_pb_image src=&#8221;https:\/\/pupilajecaballos.com\/wp-content\/uploads\/2017\/01\/054.jpg&#8221; alt=&#8221;Blanca amb cavall marr\u00f3 2&#8243; align_tablet=&#8221;center&#8221; align_phone=&#8221;center&#8221; align_last_edited=&#8221;on|desktop&#8221; _builder_version=&#8221;4.27.0&#8243; animation_style=&#8221;slide&#8221; animation_direction=&#8221;left&#8221; animation_duration=&#8221;500ms&#8221; animation_intensity_slide=&#8221;10%&#8221; use_border_color=&#8221;off&#8221; border_color=&#8221;#ffffff&#8221; border_style=&#8221;solid&#8221; animation=&#8221;left&#8221; sticky=&#8221;off&#8221; always_center_on_mobile=&#8221;on&#8221; global_colors_info=&#8221;{}&#8221;][\/et_pb_image][\/et_pb_column][\/et_pb_row][\/et_pb_section][et_pb_section fb_built=&#8221;1&#8243; _builder_version=&#8221;4.16&#8243; transparent_background=&#8221;off&#8221; make_fullwidth=&#8221;off&#8221; use_custom_width=&#8221;off&#8221; width_unit=&#8221;on&#8221; global_colors_info=&#8221;{}&#8221;][et_pb_row _builder_version=&#8221;4.16&#8243; background_size=&#8221;initial&#8221; background_position=&#8221;top_left&#8221; background_repeat=&#8221;repeat&#8221; global_colors_info=&#8221;{}&#8221;][et_pb_column type=&#8221;4_4&#8243; _builder_version=&#8221;4.16&#8243; custom_padding=&#8221;|||&#8221; global_colors_info=&#8221;{}&#8221; custom_padding__hover=&#8221;|||&#8221;][et_pb_text _builder_version=&#8221;4.16&#8243; background_size=&#8221;initial&#8221; background_position=&#8221;top_left&#8221; background_repeat=&#8221;repeat&#8221; use_border_color=&#8221;off&#8221; border_color=&#8221;#ffffff&#8221; border_style=&#8221;solid&#8221; global_colors_info=&#8221;{}&#8221;]<\/p>\n<h2>Equip t\u00e8cnic<\/h2>\n<p>[\/et_pb_text][\/et_pb_column][\/et_pb_row][et_pb_row column_structure=&#8221;1_4,1_4,1_4,1_4&#8243; _builder_version=&#8221;4.16&#8243; background_size=&#8221;initial&#8221; background_position=&#8221;top_left&#8221; background_repeat=&#8221;repeat&#8221; global_colors_info=&#8221;{}&#8221;][et_pb_column type=&#8221;1_4&#8243; _builder_version=&#8221;4.16&#8243; custom_padding=&#8221;|||&#8221; global_colors_info=&#8221;{}&#8221; custom_padding__hover=&#8221;|||&#8221;][et_pb_team_member name=&#8221;Gaspar C. Castelijns&#8221; position=&#8221;Veterinari Col. GI 878&#8243; image_url=&#8221;https:\/\/pupilajecaballos.com\/wp-content\/uploads\/2017\/01\/Gaspar2-1.jpg&#8221; module_class=&#8221;blancnegre&#8221; _builder_version=&#8221;4.16&#8243; background_size=&#8221;initial&#8221; background_position=&#8221;top_left&#8221; background_repeat=&#8221;repeat&#8221; animation=&#8221;fade_in&#8221; use_border_color=&#8221;off&#8221; border_color=&#8221;#a5c281&#8243; border_width=&#8221;3px&#8221; border_style=&#8221;solid&#8221; global_colors_info=&#8221;{}&#8221;]<\/p>\n<ul>\n<li>Ortop\u00e8dia<\/li>\n<li>Podologia<\/li>\n<li>Cirurgia<\/li>\n<li>Medicina esportiva<\/li>\n<\/ul>\n<p>[\/et_pb_team_member][\/et_pb_column][et_pb_column type=&#8221;1_4&#8243; _builder_version=&#8221;4.16&#8243; custom_padding=&#8221;|||&#8221; global_colors_info=&#8221;{}&#8221; custom_padding__hover=&#8221;|||&#8221;][et_pb_team_member name=&#8221;Claudio Nomen&#8221; position=&#8221;Veterinari Col. B 1019&#8243; image_url=&#8221;https:\/\/pupilajecaballos.com\/wp-content\/uploads\/2017\/01\/Claudio.jpg&#8221; module_class=&#8221;blancnegre&#8221; _builder_version=&#8221;4.16&#8243; background_size=&#8221;initial&#8221; background_position=&#8221;top_left&#8221; background_repeat=&#8221;repeat&#8221; animation=&#8221;fade_in&#8221; use_border_color=&#8221;off&#8221; border_color=&#8221;#a5c281&#8243; border_width=&#8221;3px&#8221; border_style=&#8221;solid&#8221; global_colors_info=&#8221;{}&#8221;]<\/p>\n<ul>\n<li>Ortop\u00e8dia<\/li>\n<li>Cirurgia<\/li>\n<li>Diagn\u00f2stic per imatge<\/li>\n<li>Medicina esportiva<\/li>\n<\/ul>\n<p>[\/et_pb_team_member][\/et_pb_column][et_pb_column type=&#8221;1_4&#8243; _builder_version=&#8221;4.16&#8243; custom_padding=&#8221;|||&#8221; global_colors_info=&#8221;{}&#8221; custom_padding__hover=&#8221;|||&#8221;][et_pb_team_member name=&#8221;\u00c1ngeles Esteban (Mocha)&#8221; position=&#8221;Veterinari Col. B 2534&#8243; image_url=&#8221;https:\/\/pupilajecaballos.com\/wp-content\/uploads\/2017\/01\/Angeles.jpg&#8221; module_class=&#8221;blancnegre&#8221; _builder_version=&#8221;4.16&#8243; background_size=&#8221;initial&#8221; background_position=&#8221;top_left&#8221; background_repeat=&#8221;repeat&#8221; animation=&#8221;fade_in&#8221; use_border_color=&#8221;off&#8221; border_color=&#8221;#a5c281&#8243; border_width=&#8221;3px&#8221; border_style=&#8221;solid&#8221; global_colors_info=&#8221;{}&#8221;]<\/p>\n<ul>\n<li>Ortop\u00e8dia<\/li>\n<li>Medicina interna<\/li>\n<li>Anest\u00e8sia<\/li>\n<li>Medicina esportiva<\/li>\n<\/ul>\n<p>[\/et_pb_team_member][\/et_pb_column][et_pb_column type=&#8221;1_4&#8243; _builder_version=&#8221;4.16&#8243; custom_padding=&#8221;|||&#8221; global_colors_info=&#8221;{}&#8221; custom_padding__hover=&#8221;|||&#8221;][et_pb_team_member name=&#8221;Blanca Roger&#8221; position=&#8221;Veterinari Col. B 1386&#8243; image_url=&#8221;https:\/\/pupilajecaballos.com\/wp-content\/uploads\/2017\/01\/Blanca.jpg&#8221; module_class=&#8221;blancnegre&#8221; _builder_version=&#8221;4.16&#8243; background_size=&#8221;initial&#8221; background_position=&#8221;top_left&#8221; background_repeat=&#8221;repeat&#8221; animation=&#8221;fade_in&#8221; use_border_color=&#8221;off&#8221; border_color=&#8221;#a5c281&#8243; border_width=&#8221;3px&#8221; border_style=&#8221;solid&#8221; global_colors_info=&#8221;{}&#8221;]<\/p>\n<ul>\n<li>Veterin\u00e0ria<\/li>\n<li>AO de traumatologia, medicina interna, dermatologia i cirurgia<\/li>\n<li>Postgrau de diagn\u00f2stic per imatge d\u2019IMPROVE Ib\u00e9rica.<\/li>\n<li>Especialitzada a la cirurgia cl\u00ednica i el diagn\u00f2stic per imatge.<\/li>\n<\/ul>\n<p>[\/et_pb_team_member][\/et_pb_column][\/et_pb_row][\/et_pb_section]<\/p>\n","protected":false},"excerpt":{"rendered":"<p>Tenim a la nostra disposici\u00f3 un grup de veterinaris per a qualsevol necessitat. Si el client disposa del seu propi veterinari de confian\u00e7a, tamb\u00e9 podem posar-nos-hi en contacte per a qualsevol consulta o problema. El fet que la Blanca Roger hagi estat tota la vida envoltada de cavalls i essent veterin\u00e0ria, fa que detectem qualsevol [&hellip;]<\/p>\n","protected":false},"author":10,"featured_media":0,"parent":0,"menu_order":0,"comment_status":"closed","ping_status":"closed","template":"","meta":{"_et_pb_use_builder":"on","_et_pb_old_content":"","_et_gb_content_width":"","_joinchat":[],"footnotes":""},"class_list":["post-824","page","type-page","status-publish","hentry"],"yoast_head":"<!-- This site is optimized with the Yoast SEO plugin v27.4 - https:\/\/yoast.com\/product\/yoast-seo-wordpress\/ -->\n<title>Veterinari cl\u00ednic - Pupilaje de Caballos<\/title>\n<meta name=\"description\" content=\"A Serracarbassa Horses Resort, oferim servei de veterinari cl\u00ednic especilitzat en cavalls, amb molta experi\u00e8ncia.\" \/>\n<meta name=\"robots\" content=\"index, follow, max-snippet:-1, max-image-preview:large, max-video-preview:-1\" \/>\n<link rel=\"canonical\" href=\"https:\/\/pupilajecaballos.com\/ca\/veterinari-clinic\/\" \/>\n<meta property=\"og:locale\" content=\"ca_ES\" \/>\n<meta property=\"og:type\" content=\"article\" \/>\n<meta property=\"og:title\" content=\"Veterinari cl\u00ednic - Pupilaje de Caballos\" \/>\n<meta property=\"og:description\" content=\"A Serracarbassa Horses Resort, oferim servei de veterinari cl\u00ednic especilitzat en cavalls, amb molta experi\u00e8ncia.\" \/>\n<meta property=\"og:url\" content=\"https:\/\/pupilajecaballos.com\/ca\/veterinari-clinic\/\" \/>\n<meta property=\"og:site_name\" content=\"Pupilaje de Caballos\" \/>\n<meta property=\"article:publisher\" content=\"https:\/\/www.facebook.com\/Serracarbassa-Horses-Resort-318910228544043\/\" \/>\n<meta property=\"article:modified_time\" content=\"2025-06-02T08:48:04+00:00\" \/>\n<meta property=\"og:image\" content=\"https:\/\/pupilajecaballos.com\/wp-content\/uploads\/2022\/02\/pupilaje-aerea1-scaled-e1727771325161.jpg\" \/>\n\t<meta property=\"og:image:width\" content=\"2880\" \/>\n\t<meta property=\"og:image:height\" content=\"2160\" \/>\n\t<meta property=\"og:image:type\" content=\"image\/jpeg\" \/>\n<meta name=\"twitter:card\" content=\"summary_large_image\" \/>\n<script type=\"application\/ld+json\" class=\"yoast-schema-graph\">{\"@context\":\"https:\\\/\\\/schema.org\",\"@graph\":[{\"@type\":\"WebPage\",\"@id\":\"https:\\\/\\\/pupilajecaballos.com\\\/ca\\\/veterinari-clinic\\\/\",\"url\":\"https:\\\/\\\/pupilajecaballos.com\\\/ca\\\/veterinari-clinic\\\/\",\"name\":\"Veterinari cl\u00ednic - Pupilaje de Caballos\",\"isPartOf\":{\"@id\":\"https:\\\/\\\/pupilajecaballos.com\\\/en\\\/#website\"},\"datePublished\":\"2017-05-23T07:52:15+00:00\",\"dateModified\":\"2025-06-02T08:48:04+00:00\",\"description\":\"A Serracarbassa Horses Resort, oferim servei de veterinari cl\u00ednic especilitzat en cavalls, amb molta experi\u00e8ncia.\",\"breadcrumb\":{\"@id\":\"https:\\\/\\\/pupilajecaballos.com\\\/ca\\\/veterinari-clinic\\\/#breadcrumb\"},\"inLanguage\":\"ca\",\"potentialAction\":[{\"@type\":\"ReadAction\",\"target\":[\"https:\\\/\\\/pupilajecaballos.com\\\/ca\\\/veterinari-clinic\\\/\"]}]},{\"@type\":\"BreadcrumbList\",\"@id\":\"https:\\\/\\\/pupilajecaballos.com\\\/ca\\\/veterinari-clinic\\\/#breadcrumb\",\"itemListElement\":[{\"@type\":\"ListItem\",\"position\":1,\"name\":\"Portada\",\"item\":\"https:\\\/\\\/pupilajecaballos.com\\\/ca\\\/\"},{\"@type\":\"ListItem\",\"position\":2,\"name\":\"Veterinari cl\u00ednic\"}]},{\"@type\":\"WebSite\",\"@id\":\"https:\\\/\\\/pupilajecaballos.com\\\/en\\\/#website\",\"url\":\"https:\\\/\\\/pupilajecaballos.com\\\/en\\\/\",\"name\":\"Pupilaje de Caballos\",\"description\":\"Serracacarbassa Barcelona\",\"publisher\":{\"@id\":\"https:\\\/\\\/pupilajecaballos.com\\\/en\\\/#organization\"},\"potentialAction\":[{\"@type\":\"SearchAction\",\"target\":{\"@type\":\"EntryPoint\",\"urlTemplate\":\"https:\\\/\\\/pupilajecaballos.com\\\/en\\\/?s={search_term_string}\"},\"query-input\":{\"@type\":\"PropertyValueSpecification\",\"valueRequired\":true,\"valueName\":\"search_term_string\"}}],\"inLanguage\":\"ca\"},{\"@type\":\"Organization\",\"@id\":\"https:\\\/\\\/pupilajecaballos.com\\\/en\\\/#organization\",\"name\":\"Pupilaje de Caballos Serracarbassa\",\"alternateName\":\"Serra Carbassa Horses Resort\",\"url\":\"https:\\\/\\\/pupilajecaballos.com\\\/en\\\/\",\"logo\":{\"@type\":\"ImageObject\",\"inLanguage\":\"ca\",\"@id\":\"https:\\\/\\\/pupilajecaballos.com\\\/en\\\/#\\\/schema\\\/logo\\\/image\\\/\",\"url\":\"https:\\\/\\\/pupilajecaballos.com\\\/wp-content\\\/uploads\\\/2017\\\/01\\\/pin_maps3.png\",\"contentUrl\":\"https:\\\/\\\/pupilajecaballos.com\\\/wp-content\\\/uploads\\\/2017\\\/01\\\/pin_maps3.png\",\"width\":600,\"height\":707,\"caption\":\"Pupilaje de Caballos Serracarbassa\"},\"image\":{\"@id\":\"https:\\\/\\\/pupilajecaballos.com\\\/en\\\/#\\\/schema\\\/logo\\\/image\\\/\"},\"sameAs\":[\"https:\\\/\\\/www.facebook.com\\\/Serracarbassa-Horses-Resort-318910228544043\\\/\",\"https:\\\/\\\/www.instagram.com\\\/serracarbassa\"]}]}<\/script>\n<!-- \/ Yoast SEO plugin. -->","yoast_head_json":{"title":"Veterinari cl\u00ednic - Pupilaje de Caballos","description":"A Serracarbassa Horses Resort, oferim servei de veterinari cl\u00ednic especilitzat en cavalls, amb molta experi\u00e8ncia.","robots":{"index":"index","follow":"follow","max-snippet":"max-snippet:-1","max-image-preview":"max-image-preview:large","max-video-preview":"max-video-preview:-1"},"canonical":"https:\/\/pupilajecaballos.com\/ca\/veterinari-clinic\/","og_locale":"ca_ES","og_type":"article","og_title":"Veterinari cl\u00ednic - Pupilaje de Caballos","og_description":"A Serracarbassa Horses Resort, oferim servei de veterinari cl\u00ednic especilitzat en cavalls, amb molta experi\u00e8ncia.","og_url":"https:\/\/pupilajecaballos.com\/ca\/veterinari-clinic\/","og_site_name":"Pupilaje de Caballos","article_publisher":"https:\/\/www.facebook.com\/Serracarbassa-Horses-Resort-318910228544043\/","article_modified_time":"2025-06-02T08:48:04+00:00","og_image":[{"width":2880,"height":2160,"url":"https:\/\/pupilajecaballos.com\/wp-content\/uploads\/2022\/02\/pupilaje-aerea1-scaled-e1727771325161.jpg","type":"image\/jpeg"}],"twitter_card":"summary_large_image","schema":{"@context":"https:\/\/schema.org","@graph":[{"@type":"WebPage","@id":"https:\/\/pupilajecaballos.com\/ca\/veterinari-clinic\/","url":"https:\/\/pupilajecaballos.com\/ca\/veterinari-clinic\/","name":"Veterinari cl\u00ednic - Pupilaje de Caballos","isPartOf":{"@id":"https:\/\/pupilajecaballos.com\/en\/#website"},"datePublished":"2017-05-23T07:52:15+00:00","dateModified":"2025-06-02T08:48:04+00:00","description":"A Serracarbassa Horses Resort, oferim servei de veterinari cl\u00ednic especilitzat en cavalls, amb molta experi\u00e8ncia.","breadcrumb":{"@id":"https:\/\/pupilajecaballos.com\/ca\/veterinari-clinic\/#breadcrumb"},"inLanguage":"ca","potentialAction":[{"@type":"ReadAction","target":["https:\/\/pupilajecaballos.com\/ca\/veterinari-clinic\/"]}]},{"@type":"BreadcrumbList","@id":"https:\/\/pupilajecaballos.com\/ca\/veterinari-clinic\/#breadcrumb","itemListElement":[{"@type":"ListItem","position":1,"name":"Portada","item":"https:\/\/pupilajecaballos.com\/ca\/"},{"@type":"ListItem","position":2,"name":"Veterinari cl\u00ednic"}]},{"@type":"WebSite","@id":"https:\/\/pupilajecaballos.com\/en\/#website","url":"https:\/\/pupilajecaballos.com\/en\/","name":"Pupilaje de Caballos","description":"Serracacarbassa Barcelona","publisher":{"@id":"https:\/\/pupilajecaballos.com\/en\/#organization"},"potentialAction":[{"@type":"SearchAction","target":{"@type":"EntryPoint","urlTemplate":"https:\/\/pupilajecaballos.com\/en\/?s={search_term_string}"},"query-input":{"@type":"PropertyValueSpecification","valueRequired":true,"valueName":"search_term_string"}}],"inLanguage":"ca"},{"@type":"Organization","@id":"https:\/\/pupilajecaballos.com\/en\/#organization","name":"Pupilaje de Caballos Serracarbassa","alternateName":"Serra Carbassa Horses Resort","url":"https:\/\/pupilajecaballos.com\/en\/","logo":{"@type":"ImageObject","inLanguage":"ca","@id":"https:\/\/pupilajecaballos.com\/en\/#\/schema\/logo\/image\/","url":"https:\/\/pupilajecaballos.com\/wp-content\/uploads\/2017\/01\/pin_maps3.png","contentUrl":"https:\/\/pupilajecaballos.com\/wp-content\/uploads\/2017\/01\/pin_maps3.png","width":600,"height":707,"caption":"Pupilaje de Caballos Serracarbassa"},"image":{"@id":"https:\/\/pupilajecaballos.com\/en\/#\/schema\/logo\/image\/"},"sameAs":["https:\/\/www.facebook.com\/Serracarbassa-Horses-Resort-318910228544043\/","https:\/\/www.instagram.com\/serracarbassa"]}]}},"_links":{"self":[{"href":"https:\/\/pupilajecaballos.com\/ca\/wp-json\/wp\/v2\/pages\/824","targetHints":{"allow":["GET"]}}],"collection":[{"href":"https:\/\/pupilajecaballos.com\/ca\/wp-json\/wp\/v2\/pages"}],"about":[{"href":"https:\/\/pupilajecaballos.com\/ca\/wp-json\/wp\/v2\/types\/page"}],"author":[{"embeddable":true,"href":"https:\/\/pupilajecaballos.com\/ca\/wp-json\/wp\/v2\/users\/10"}],"replies":[{"embeddable":true,"href":"https:\/\/pupilajecaballos.com\/ca\/wp-json\/wp\/v2\/comments?post=824"}],"version-history":[{"count":4,"href":"https:\/\/pupilajecaballos.com\/ca\/wp-json\/wp\/v2\/pages\/824\/revisions"}],"predecessor-version":[{"id":2351,"href":"https:\/\/pupilajecaballos.com\/ca\/wp-json\/wp\/v2\/pages\/824\/revisions\/2351"}],"wp:attachment":[{"href":"https:\/\/pupilajecaballos.com\/ca\/wp-json\/wp\/v2\/media?parent=824"}],"curies":[{"name":"wp","href":"https:\/\/api.w.org\/{rel}","templated":true}]}}